{"id":867,"date":"2025-02-04T13:18:34","date_gmt":"2025-02-04T12:18:34","guid":{"rendered":"https:\/\/kkraj.pttk.pl\/?page_id=867"},"modified":"2025-03-10T08:40:54","modified_gmt":"2025-03-10T07:40:54","slug":"odznaki-kolekcjonerskie","status":"publish","type":"page","link":"https:\/\/kkraj.pttk.pl\/index.php\/odznaki-kolekcjonerskie\/","title":{"rendered":"Odznaki kolekcjonerskie"},"content":{"rendered":"<h4 style=\"text-align: center;\"><strong>Regulamin <\/strong><\/h4>\n<h4 style=\"text-align: center;\"><strong>Krajoznawczych Odznak Kolekcjonerskich PTTK<\/strong><\/h4>\n\n\n<div class=\"wp-block-image\"><figure class=\"aligncenter size-large is-resized\"><img loading=\"lazy\" decoding=\"async\" src=\"https:\/\/kkraj.pttk.pl\/wp-content\/uploads\/2025\/02\/k1.png\" alt=\"\" class=\"wp-image-889\" width=\"204\" height=\"243\" srcset=\"https:\/\/kkraj.pttk.pl\/wp-content\/uploads\/2025\/02\/k1.png 314w, https:\/\/kkraj.pttk.pl\/wp-content\/uploads\/2025\/02\/k1-252x300.png 252w\" sizes=\"auto, (max-width: 204px) 100vw, 204px\" \/><\/figure><\/div>\n\n\n\n<figure class=\"wp-block-gallery aligncenter columns-3 is-cropped wp-block-gallery-1 is-layout-flex wp-block-gallery-is-layout-flex\"><ul class=\"blocks-gallery-grid\"><li class=\"blocks-gallery-item\"><figure><img loading=\"lazy\" decoding=\"async\" width=\"360\" height=\"266\" src=\"https:\/\/kkraj.pttk.pl\/wp-content\/uploads\/2025\/02\/kolek_-braz.png\" alt=\"\" data-id=\"1101\" data-full-url=\"https:\/\/kkraj.pttk.pl\/wp-content\/uploads\/2025\/02\/kolek_-braz.png\" data-link=\"https:\/\/kkraj.pttk.pl\/index.php\/odznaki-kolekcjonerskie\/kolek_-braz\/\" class=\"wp-image-1101\" srcset=\"https:\/\/kkraj.pttk.pl\/wp-content\/uploads\/2025\/02\/kolek_-braz.png 360w, https:\/\/kkraj.pttk.pl\/wp-content\/uploads\/2025\/02\/kolek_-braz-300x222.png 300w\" sizes=\"auto, (max-width: 360px) 100vw, 360px\" \/><\/figure><\/li><li class=\"blocks-gallery-item\"><figure><img loading=\"lazy\" decoding=\"async\" width=\"360\" height=\"266\" src=\"https:\/\/kkraj.pttk.pl\/wp-content\/uploads\/2025\/02\/kolek_srebro.png\" alt=\"\" data-id=\"1103\" data-full-url=\"https:\/\/kkraj.pttk.pl\/wp-content\/uploads\/2025\/02\/kolek_srebro.png\" data-link=\"https:\/\/kkraj.pttk.pl\/index.php\/odznaki-kolekcjonerskie\/kolek_srebro\/\" class=\"wp-image-1103\" srcset=\"https:\/\/kkraj.pttk.pl\/wp-content\/uploads\/2025\/02\/kolek_srebro.png 360w, https:\/\/kkraj.pttk.pl\/wp-content\/uploads\/2025\/02\/kolek_srebro-300x222.png 300w\" sizes=\"auto, (max-width: 360px) 100vw, 360px\" \/><\/figure><\/li><li class=\"blocks-gallery-item\"><figure><img loading=\"lazy\" decoding=\"async\" width=\"360\" height=\"266\" src=\"https:\/\/kkraj.pttk.pl\/wp-content\/uploads\/2025\/02\/kolek_zloto.png\" alt=\"\" data-id=\"1105\" data-full-url=\"https:\/\/kkraj.pttk.pl\/wp-content\/uploads\/2025\/02\/kolek_zloto.png\" data-link=\"https:\/\/kkraj.pttk.pl\/index.php\/odznaki-kolekcjonerskie\/kolek_zloto\/\" class=\"wp-image-1105\" srcset=\"https:\/\/kkraj.pttk.pl\/wp-content\/uploads\/2025\/02\/kolek_zloto.png 360w, https:\/\/kkraj.pttk.pl\/wp-content\/uploads\/2025\/02\/kolek_zloto-300x222.png 300w\" sizes=\"auto, (max-width: 360px) 100vw, 360px\" \/><\/figure><\/li><\/ul><\/figure>\n\n\n<p style=\"text-align: left;\"><strong>Rozdzia\u0142 I<\/strong><br \/>Postanowienia og\u00f3lne<br \/>1. W celu upowszechniania kolekcjonerstwa krajoznawczego w\u015br\u00f3d turyst\u00f3w i krajoznawc\u00f3w. Polskie Towarzystwo Turystyczno-Krajoznawcze ustanawia system Krajoznawczych Odznak Kolekcjonerskich PTTK zwanych dalej KOK.<br \/>2. KOK zdobywa si\u0119 w nast\u0119puj\u0105cych kategoriach i stopniach:<br \/>a) Chomik<br \/>b) Kolekcjoner Krajoznawca w stopniach:<br \/>\u2022 br\u0105zowym,<br \/>\u2022 srebrnym<br \/>\u2022 z\u0142otym.<br \/>3. KOK zdobywa si\u0119 za posiadanie, opracowanie i eksponowanie kolekcji krajoznawczych.<br \/>4. KOK mo\u017ce by\u0107 przyznana osobom i instytucjom prowadz\u0105cym dzia\u0142alno\u015b\u0107 organizacyjn\u0105, wystawiennicz\u0105 i popularyzatorsk\u0105 w zakresie kolekcjonerstwa krajoznawczego.<br \/>5. Kolekcj\u0105 krajoznawcz\u0105 jest opracowany zbi\u00f3r przedmiot\u00f3w wybranych przez kolekcjonera dla zobrazowania okre\u015blonej my\u015bli (idei), zagadnienia lub problemu b\u0119d\u0105cego w zakresie krajoznawstwa.<br \/>6. Zbi\u00f3r krajoznawczy powinien prezentowa\u0107 problematyk\u0119 odnosz\u0105c\u0105 si\u0119 do okre\u015blonej przestrzeni geograficznej i spraw z ni\u0105 zwi\u0105zanych, kt\u00f3re nale\u017cy rozumie\u0107 w szerokim kontek\u015bcie zwi\u0105zk\u00f3w historycznych, przyrodniczych i kulturowych dotycz\u0105cych Polski i Polak\u00f3w.<br \/>7. Kolekcje krajoznawcze (zbiory) dziel\u0105 si\u0119 na:<br \/>a) kolekcje powszechne &#8211; obejmuj\u0105ce zbiory przedmiot\u00f3w wytworzonych przez natur\u0119 lub cz\u0142owieka,<br \/>b) kolekcje autorskie &#8211; obejmuj\u0105ce zbiory przedmiot\u00f3w wykonanych przez<br \/>kolekcjonera.<br \/><strong>Rozdzia\u0142 II<\/strong><br \/>Krajoznawcze Odznaki Kolekcjonerskie PTTK<br \/>1. KOK Chomik jest adresowana do kolekcjoner\u00f3w w wieku do 15 lat w celu zach\u0119cenia m\u0142odzie\u017cy szkolnej do gromadzenia, opracowywania i wystawiania zbior\u00f3w krajoznawczych.<br \/>2. KOK Chomik przyznawana jest za jedn\u0105 kolekcj\u0119 krajoznawcz\u0105 wystawion\u0105 na imprezie turystycznej.<br \/>3. KOK Kolekcjoner Krajoznawca przyznawana jest osobie posiadaj\u0105cej zbi\u00f3r krajoznawczy zaprezentowany na pokazie lub wystawie:<br \/>\u2022 dwukrotnie \u2013 w stopniu br\u0105zowym,<br \/>\u2022 trzykrotnie po przyznaniu Odznaki w stopniu br\u0105zowym \u2013 w stopniu srebrnym,<br \/>\u2022 pi\u0119ciokrotnie po przyznaniu Odznaki w stopniu srebrnym \u2013 w stopniu z\u0142otym.<br \/>W ka\u017cdym przypadku prezentacja zbioru musi by\u0107 udokumentowana za\u015bwiadczeniem wydanym przez organizatora wystawy lub pokazu.<br \/>4. KOK mo\u017ce by\u0107 zdobywana wielokrotnie na podstawie za\u015bwiadcze\u0144 wydanych przez organizator\u00f3w pokaz\u00f3w lub wystaw za prezentacj\u0119 zbior\u00f3w innych ni\u017c ten, za kt\u00f3ry przyznano poprzedni\u0105 odznak\u0119.<br \/>5. Kolekcjonerzy posiadaj\u0105cy zbiory wydawnictw krajoznawczych mog\u0105 zdobywa\u0107 poszczeg\u00f3lne KOK.<br \/>6. Kolekcjoner ubiegaj\u0105cy si\u0119 o przyznanie KOK wype\u0142nia wniosek wg wzoru stanowi\u0105cego za\u0142\u0105cznik nr 1 do niniejszego regulaminu, za\u0142\u0105czaj\u0105c za\u015bwiadczenie wydane przez organizatora wystawy lub pokazu.<br \/>7. Organizatorzy pokaz\u00f3w i wystaw kolekcjonerskich wydaj\u0105 wystawcom za\u015bwiadczenie o prezentacji kolekcji.<br \/><strong>Rozdzia\u0142 III<\/strong><br \/>Postanowienia ko\u0144cowe<br \/>1. KOK przyznaje Podkomisja Kolekcjonerstwa Krajoznawczego (PKK) Komisji Krajoznawczej ZG PTTK.<br \/>2. PKK prowadzi ewidencj\u0119 przyznanych KOK.<br \/>3. W uzasadnionych przypadkach PKK mo\u017ce przyzna\u0107 KOK z pomini\u0119ciem wymog\u00f3w regulaminowych.<br \/>4. Dotychczas przyznane: Plakietka Zbior\u00f3w Krajoznawczych oraz Ekslibris Krajoznawcy Bibliofila zachowuj\u0105 moc, przy czym dla przyznania KOK w stopniu srebrnym b\u0119d\u0105 traktowane jako KOK w stopniu br\u0105zowym.<br \/>5. Regulamin KOK zosta\u0142 przyj\u0119ty przez Komisj\u0119 Krajoznawcz\u0105 ZG PTTK na posiedzeniu w dniu 8 wrze\u015bnia 2024 r. i zatwierdzony przez Prezydium Zarz\u0105du G\u0142\u00f3wnego PTTK uchwa\u0142\u0105 nr 65\/XX\/2024 z dnia 30 wrze\u015bnia 2024 r.<br \/>6. Postanowienia niniejszego regulaminu wchodz\u0105 w \u017cycie z dniem zatwierdzenia. Tym samym traci moc Regulamin Krajoznawczych Odznak Kolekcjonerskich z dnia 11 czerwca 2013 r.<br \/>7. Interpretacja postanowie\u0144 niniejszego regulaminu nale\u017cy do PKK.<\/p>\n\n\n<div class=\"wp-block-file\"><a href=\"https:\/\/kkraj.pttk.pl\/wp-content\/uploads\/2025\/03\/zalacznik-1.pdf\">Wniosek o przyznanie Krajoznawczej Odznaki Kolekcjonerskiej PTTK<\/a><a href=\"https:\/\/kkraj.pttk.pl\/wp-content\/uploads\/2025\/03\/zalacznik-1.pdf\" class=\"wp-block-file__button\" download>Pobierz<\/a><\/div>\n","protected":false},"excerpt":{"rendered":"<p>Regulamin Krajoznawczych Odznak Kolekcjonerskich PTTK Rozdzia\u0142 IPostanowienia og\u00f3lne1. W celu upowszechniania kolekcjonerstwa krajoznawczego w\u015br\u00f3d turyst\u00f3w i krajoznawc\u00f3w. Polskie Towarzystwo Turystyczno-Krajoznawcze ustanawia system Krajoznawczych Odznak Kolekcjonerskich PTTK zwanych dalej KOK.2. KOK zdobywa si\u0119 w nast\u0119puj\u0105cych kategoriach i stopniach:a) Chomikb) Kolekcjoner Krajoznawca w stopniach:\u2022 br\u0105zowym,\u2022 srebrnym\u2022 z\u0142otym.3. KOK zdobywa si\u0119 za posiadanie, opracowanie i eksponowanie kolekcji krajoznawczych.4. [&hellip;]<\/p>\n","protected":false},"author":1,"featured_media":0,"parent":0,"menu_order":0,"comment_status":"closed","ping_status":"closed","template":"","meta":{"footnotes":""},"class_list":["post-867","page","type-page","status-publish","hentry"],"_links":{"self":[{"href":"https:\/\/kkraj.pttk.pl\/index.php\/wp-json\/wp\/v2\/pages\/867","targetHints":{"allow":["GET"]}}],"collection":[{"href":"https:\/\/kkraj.pttk.pl\/index.php\/wp-json\/wp\/v2\/pages"}],"about":[{"href":"https:\/\/kkraj.pttk.pl\/index.php\/wp-json\/wp\/v2\/types\/page"}],"author":[{"embeddable":true,"href":"https:\/\/kkraj.pttk.pl\/index.php\/wp-json\/wp\/v2\/users\/1"}],"replies":[{"embeddable":true,"href":"https:\/\/kkraj.pttk.pl\/index.php\/wp-json\/wp\/v2\/comments?post=867"}],"version-history":[{"count":7,"href":"https:\/\/kkraj.pttk.pl\/index.php\/wp-json\/wp\/v2\/pages\/867\/revisions"}],"predecessor-version":[{"id":1377,"href":"https:\/\/kkraj.pttk.pl\/index.php\/wp-json\/wp\/v2\/pages\/867\/revisions\/1377"}],"wp:attachment":[{"href":"https:\/\/kkraj.pttk.pl\/index.php\/wp-json\/wp\/v2\/media?parent=867"}],"curies":[{"name":"wp","href":"https:\/\/api.w.org\/{rel}","templated":true}]}}