{"id":783,"date":"2025-02-02T07:46:00","date_gmt":"2025-02-02T06:46:00","guid":{"rendered":"https:\/\/kkraj.pttk.pl\/?page_id=783"},"modified":"2026-01-05T13:43:52","modified_gmt":"2026-01-05T12:43:52","slug":"zdobywcy-okp-z-szafirem","status":"publish","type":"page","link":"https:\/\/kkraj.pttk.pl\/index.php\/zdobywcy-okp-z-szafirem\/","title":{"rendered":"Zdobywcy OKP z szafirem"},"content":{"rendered":"\n<figure class=\"wp-block-table\"><table><tbody><tr><td class=\"has-text-align-center\" data-align=\"center\"><strong>Lp.<\/strong><\/td><td><strong>Imi\u0119<\/strong><\/td><td><strong>Nazwisko<\/strong><\/td><td><strong>Miejscowo\u015b\u0107<\/strong><\/td><td><strong>Rok<\/strong><\/td><\/tr><tr><td class=\"has-text-align-center\" data-align=\"center\">1<\/td><td>Micha\u0142<\/td><td>Romanowski<\/td><td>Szczecin<\/td><td>1999<\/td><\/tr><tr><td class=\"has-text-align-center\" data-align=\"center\">2<\/td><td>Miros\u0142aw<\/td><td>Ma\u0142ecki<\/td><td>Szczecin<\/td><td>1999<\/td><\/tr><tr><td class=\"has-text-align-center\" data-align=\"center\">3<\/td><td>Danuta<\/td><td>Boguszewska<\/td><td>Zawiercie<\/td><td>2000<\/td><\/tr><tr><td class=\"has-text-align-center\" data-align=\"center\">4<\/td><td>Henryk<\/td><td>Bia\u0142y<\/td><td>Tarnowskie G\u00f3ry<\/td><td>2000<\/td><\/tr><tr><td class=\"has-text-align-center\" data-align=\"center\">5<\/td><td>Kazimierz<\/td><td>Lach<\/td><td>Warszawa<\/td><td>2000<\/td><\/tr><tr><td class=\"has-text-align-center\" data-align=\"center\">6<\/td><td>Roman<\/td><td>Kapes<\/td><td>Rybnik<\/td><td>2001<\/td><\/tr><tr><td class=\"has-text-align-center\" data-align=\"center\">7<\/td><td>Mieczys\u0142aw<\/td><td>Ziental<\/td><td>B\u0142onie<\/td><td>2001<\/td><\/tr><tr><td class=\"has-text-align-center\" data-align=\"center\">8<\/td><td>Leszek<\/td><td>Stano<\/td><td>Pabianice<\/td><td>2002<\/td><\/tr><tr><td class=\"has-text-align-center\" data-align=\"center\">9<\/td><td>Gerard<\/td><td>Suchanek<\/td><td>Katowice<\/td><td>2001<\/td><\/tr><tr><td class=\"has-text-align-center\" data-align=\"center\">10<\/td><td>Barbara<\/td><td>Wierzbicka<\/td><td>Krak\u00f3w<\/td><td>2002<\/td><\/tr><tr><td class=\"has-text-align-center\" data-align=\"center\">11<\/td><td>Zofia<\/td><td>Nycz<\/td><td>Che\u0142m<\/td><td>2004<\/td><\/tr><tr><td class=\"has-text-align-center\" data-align=\"center\">12<\/td><td>Witold<\/td><td>Kliza<\/td><td>Che\u0142m<\/td><td>2004<\/td><\/tr><tr><td class=\"has-text-align-center\" data-align=\"center\">13<\/td><td>Zbigniew<\/td><td>Koz\u0142owski<\/td><td>Warszawa<\/td><td>2004<\/td><\/tr><tr><td class=\"has-text-align-center\" data-align=\"center\">14<\/td><td>Tomasz<\/td><td>Mr\u00f3wka<\/td><td>Warszawa<\/td><td>2004<\/td><\/tr><tr><td class=\"has-text-align-center\" data-align=\"center\">15<\/td><td>Bogdan<\/td><td>Fa\u0142ek<\/td><td>Koszalin<\/td><td>2005<\/td><\/tr><tr><td class=\"has-text-align-center\" data-align=\"center\">16<\/td><td>Barbara<\/td><td>Po\u017coga<\/td><td>Szczecin<\/td><td>2005<\/td><\/tr><tr><td class=\"has-text-align-center\" data-align=\"center\">17<\/td><td>Zdzis\u0142aw<\/td><td>Ste\u0107<\/td><td>Szczecin<\/td><td>2005<\/td><\/tr><tr><td class=\"has-text-align-center\" data-align=\"center\">18<\/td><td>Majka<\/td><td>Sobolewska<\/td><td>Szczecin<\/td><td>2006<\/td><\/tr><tr><td class=\"has-text-align-center\" data-align=\"center\">19<\/td><td>Olgierd <\/td><td>Promi\u0144ski<\/td><td>Pozna\u0144<\/td><td>2007<\/td><\/tr><tr><td class=\"has-text-align-center\" data-align=\"center\">20<\/td><td>Andrzej<\/td><td>Humaniuk<\/td><td>Jastrz\u0119bie &#8211; Zdr\u00f3j<\/td><td>2007<\/td><\/tr><tr><td class=\"has-text-align-center\" data-align=\"center\">21<\/td><td>Zbigniew<\/td><td>Lewandowski<\/td><td>Warszawa<\/td><td>2007<\/td><\/tr><tr><td class=\"has-text-align-center\" data-align=\"center\">22<\/td><td>Jan<\/td><td>Pacze\u015bniak<\/td><td>Wroc\u0142aw<\/td><td>2007<\/td><\/tr><tr><td class=\"has-text-align-center\" data-align=\"center\">23<\/td><td>Marian<\/td><td>Zaj\u0105c<\/td><td>Wodzis\u0142aw \u015al\u0105ski<\/td><td>2007<\/td><\/tr><tr><td class=\"has-text-align-center\" data-align=\"center\">24<\/td><td>Stanis\u0142aw<\/td><td>Radomski<\/td><td>Gliwice<\/td><td>2007<\/td><\/tr><tr><td class=\"has-text-align-center\" data-align=\"center\">25<\/td><td>Andrzej<\/td><td>W\u0142odarczyk<\/td><td>Wodzis\u0142aw \u015al\u0105ski<\/td><td>2008<\/td><\/tr><tr><td class=\"has-text-align-center\" data-align=\"center\">26<\/td><td>Henryk<\/td><td>Szmagaj<\/td><td>Bielsko Bia\u0142a<\/td><td>2008<\/td><\/tr><tr><td class=\"has-text-align-center\" data-align=\"center\">27<\/td><td>Ewa<\/td><td>Abramek<\/td><td>\u0141\u00f3d\u017a<\/td><td>2008<\/td><\/tr><tr><td class=\"has-text-align-center\" data-align=\"center\">28<\/td><td>Zbigniew<\/td><td>Abramek<\/td><td>\u0141\u00f3d\u017a<\/td><td>2008<\/td><\/tr><tr><td class=\"has-text-align-center\" data-align=\"center\">29<\/td><td>Karol<\/td><td>Nycz<\/td><td>Che\u0142m<\/td><td>2008<\/td><\/tr><tr><td class=\"has-text-align-center\" data-align=\"center\">30<\/td><td>Felicjan<\/td><td>Mierzwa<\/td><td>Siemianowice \u015al\u0105skie<\/td><td>2009<\/td><\/tr><tr><td class=\"has-text-align-center\" data-align=\"center\">31<\/td><td>Jan<\/td><td>Waszczuk<\/td><td>Siedlce<\/td><td>2010<\/td><\/tr><tr><td class=\"has-text-align-center\" data-align=\"center\">32<\/td><td>Maciej<\/td><td>Ma\u015bli\u0144ski<\/td><td>Ostr\u00f3w Wielkopolski<\/td><td>2010<\/td><\/tr><tr><td class=\"has-text-align-center\" data-align=\"center\">33<\/td><td>Pawe\u0142 Jan<\/td><td>Chmura<\/td><td>Pabianice<\/td><td>2001<\/td><\/tr><tr><td class=\"has-text-align-center\" data-align=\"center\">34<\/td><td>Jan<\/td><td>Nieszporek<\/td><td>Krak\u00f3w<\/td><td>2003<\/td><\/tr><tr><td class=\"has-text-align-center\" data-align=\"center\">35<\/td><td>Bernard<\/td><td>Milewski<\/td><td>P\u0142ock<\/td><td>2011<\/td><\/tr><tr><td class=\"has-text-align-center\" data-align=\"center\">36<\/td><td>Izabela<\/td><td>Ramus<\/td><td>Dobrze\u0144 Wielki<\/td><td>2011<\/td><\/tr><tr><td class=\"has-text-align-center\" data-align=\"center\">37<\/td><td>Jacek<\/td><td>Ramus<\/td><td>Dobrze\u0144 Wielki<\/td><td>2011<\/td><\/tr><tr><td class=\"has-text-align-center\" data-align=\"center\">38<\/td><td>Marcin<\/td><td>Kruszczy\u0144ski<\/td><td>Koszalin<\/td><td>2011<\/td><\/tr><tr><td class=\"has-text-align-center\" data-align=\"center\">39<\/td><td>J\u00f3zef<\/td><td>S\u0142abo\u0144<\/td><td>Sosnowiec<\/td><td>2011<\/td><\/tr><tr><td class=\"has-text-align-center\" data-align=\"center\">40<\/td><td>El\u017cbieta<\/td><td>Lewandowska<\/td><td>Warszawa<\/td><td>2012<\/td><\/tr><tr><td class=\"has-text-align-center\" data-align=\"center\">41<\/td><td>Zygmunt<\/td><td>Bernacki<\/td><td>Zabrze<\/td><td>2012<\/td><\/tr><tr><td class=\"has-text-align-center\" data-align=\"center\">42<\/td><td>Bogdan<\/td><td>Tytko<\/td><td>Czernica<\/td><td>2013<\/td><\/tr><tr><td class=\"has-text-align-center\" data-align=\"center\">43<\/td><td>Bogus\u0142aw<\/td><td>Mierzwa<\/td><td>Siemianowice \u015al\u0105skie<\/td><td>2013<\/td><\/tr><tr><td class=\"has-text-align-center\" data-align=\"center\">44<\/td><td>Stanis\u0142aw<\/td><td>Kr\u00f3l<\/td><td>Witk\u00f3w \u015al\u0105ski<\/td><td>2013<\/td><\/tr><tr><td class=\"has-text-align-center\" data-align=\"center\">45<\/td><td>Anna<\/td><td>Go\u0142aszewska<\/td><td>Gda\u0144sk<\/td><td>2013<\/td><\/tr><tr><td class=\"has-text-align-center\" data-align=\"center\">46<\/td><td>Stanis\u0142aw<\/td><td>G\u0119bski<\/td><td>Gda\u0144sk<\/td><td>2013<\/td><\/tr><tr><td class=\"has-text-align-center\" data-align=\"center\">47<\/td><td>Andrzej<\/td><td>Piziak<\/td><td>Elbl\u0105g<\/td><td>2013<\/td><\/tr><tr><td class=\"has-text-align-center\" data-align=\"center\">48<\/td><td>Zofia<\/td><td>Ostr\u00f3wka<\/td><td>Elbl\u0105g<\/td><td>2013<\/td><\/tr><tr><td class=\"has-text-align-center\" data-align=\"center\">49<\/td><td>Henryk<\/td><td>S\u0142awi\u0144ski<\/td><td>Luba\u0144<\/td><td>2013<\/td><\/tr><tr><td class=\"has-text-align-center\" data-align=\"center\">50<\/td><td>Tadeusz<\/td><td>S\u0142awi\u0144ski<\/td><td>Luba\u0144<\/td><td>2013<\/td><\/tr><tr><td class=\"has-text-align-center\" data-align=\"center\">51<\/td><td>Andrzej<\/td><td>Czopka<\/td><td>Polska<\/td><td>2013<\/td><\/tr><tr><td class=\"has-text-align-center\" data-align=\"center\">52<\/td><td>Monika <\/td><td>Kowalska<\/td><td>Skar\u017cysko Kamienna<\/td><td>2014<\/td><\/tr><tr><td class=\"has-text-align-center\" data-align=\"center\">53<\/td><td>Grzegorz<\/td><td>Kowalski<\/td><td>Skar\u017cysko Kamienna<\/td><td>2014<\/td><\/tr><tr><td class=\"has-text-align-center\" data-align=\"center\">54<\/td><td>Stanis\u0142aw<\/td><td>Kukowski<\/td><td>Elbl\u0105g<\/td><td>2014<\/td><\/tr><tr><td class=\"has-text-align-center\" data-align=\"center\">55<\/td><td>Helena<\/td><td>Maszczyk<\/td><td>Zabrze<\/td><td>2014<\/td><\/tr><tr><td class=\"has-text-align-center\" data-align=\"center\">56<\/td><td>Czes\u0142aw<\/td><td>Wodecki<\/td><td>Wodzis\u0142aw \u015al\u0105ski<\/td><td>2014<\/td><\/tr><tr><td class=\"has-text-align-center\" data-align=\"center\">57<\/td><td>Leon<\/td><td>Jasi\u0144ski<\/td><td>Elbl\u0105g<\/td><td>2014<\/td><\/tr><tr><td class=\"has-text-align-center\" data-align=\"center\">58<\/td><td>Stanis\u0142aw<\/td><td>Strojny<\/td><td>Gda\u0144sk<\/td><td>2014<\/td><\/tr><tr><td class=\"has-text-align-center\" data-align=\"center\">59<\/td><td>Marek<\/td><td>Botuli\u0144ski<\/td><td>Zabrze<\/td><td>2014<\/td><\/tr><tr><td class=\"has-text-align-center\" data-align=\"center\">60<\/td><td>Ewa<\/td><td>Botuli\u0144ska<\/td><td>Zabrze<\/td><td>2014<\/td><\/tr><tr><td class=\"has-text-align-center\" data-align=\"center\">61<\/td><td>Barbara<\/td><td>Z\u0105bczyk-Chmielewska<\/td><td>Gda\u0144sk<\/td><td>2014<\/td><\/tr><tr><td class=\"has-text-align-center\" data-align=\"center\">62<\/td><td>Marek<\/td><td>Szot<\/td><td>Wroc\u0142aw<\/td><td>2014<\/td><\/tr><tr><td class=\"has-text-align-center\" data-align=\"center\">63<\/td><td>Krzysztof<\/td><td>Breier<\/td><td>Wa\u0142brzych<\/td><td>2015<\/td><\/tr><tr><td class=\"has-text-align-center\" data-align=\"center\">64<\/td><td>Wanda<\/td><td>Haas<\/td><td>Wroc\u0142aw<\/td><td>2015<\/td><\/tr><tr><td class=\"has-text-align-center\" data-align=\"center\">65<\/td><td>Ryszard<\/td><td>B\u0105cal<\/td><td>\u017bary<\/td><td>2015<\/td><\/tr><tr><td class=\"has-text-align-center\" data-align=\"center\">66<\/td><td>Teresa<\/td><td>Han-Jasi\u0144ska<\/td><td>Lipno<\/td><td>2015<\/td><\/tr><tr><td class=\"has-text-align-center\" data-align=\"center\">67<\/td><td>Ryszard<\/td><td>Skonieczny<\/td><td>\u017bory<\/td><td>2015<\/td><\/tr><tr><td class=\"has-text-align-center\" data-align=\"center\">68<\/td><td>Wojciech<\/td><td>Napi\u00f3rkowski<\/td><td>P\u0142ock<\/td><td>2015<\/td><\/tr><tr><td class=\"has-text-align-center\" data-align=\"center\">69<\/td><td>Zdzis\u0142aw<\/td><td>Borowiec<\/td><td>Wroc\u0142aw<\/td><td>2015<\/td><\/tr><tr><td class=\"has-text-align-center\" data-align=\"center\">70<\/td><td>El\u017cbieta<\/td><td>\u0141obacz-B\u0105cal<\/td><td>\u017bary<\/td><td>2016<\/td><\/tr><tr><td class=\"has-text-align-center\" data-align=\"center\">71<\/td><td>Krystyna<\/td><td>S\u0142awi\u0144ska<\/td><td>Luba\u0144<\/td><td>2016<\/td><\/tr><tr><td class=\"has-text-align-center\" data-align=\"center\">72<\/td><td>Anna<\/td><td>G\u00f3recka<\/td><td>Warszawa<\/td><td>2016<\/td><\/tr><tr><td class=\"has-text-align-center\" data-align=\"center\">73<\/td><td>Andrzej<\/td><td>Miko\u0142ajczyk<\/td><td>Warszawa<\/td><td>2016<\/td><\/tr><tr><td class=\"has-text-align-center\" data-align=\"center\">74<\/td><td>Marianna<\/td><td>Wr\u00f3blewska<\/td><td>Golub-Dobrzy\u0144<\/td><td>2016<\/td><\/tr><tr><td class=\"has-text-align-center\" data-align=\"center\">75<\/td><td>Wanda<\/td><td>Mordaszewska<\/td><td>Lipno<\/td><td>2016<\/td><\/tr><tr><td class=\"has-text-align-center\" data-align=\"center\">76<\/td><td>Andrzej<\/td><td>Mordaszewski<\/td><td>Lipno<\/td><td>2016<\/td><\/tr><tr><td class=\"has-text-align-center\" data-align=\"center\">77<\/td><td>Pawe\u0142<\/td><td>Packi<\/td><td>Wielu\u0144<\/td><td>2017<\/td><\/tr><tr><td class=\"has-text-align-center\" data-align=\"center\">78<\/td><td>Bernard<\/td><td>Malinowski<\/td><td>Warszawa<\/td><td>2017<\/td><\/tr><tr><td class=\"has-text-align-center\" data-align=\"center\">79<\/td><td>Lech<\/td><td>Ka\u017amierczak<\/td><td>Zielona G\u00f3ra<\/td><td>2017<\/td><\/tr><tr><td class=\"has-text-align-center\" data-align=\"center\">80<\/td><td>Marian<\/td><td>Kotarski<\/td><td>Myszk\u00f3w<\/td><td>2017<\/td><\/tr><tr><td class=\"has-text-align-center\" data-align=\"center\">81<\/td><td>Tadeusz<\/td><td>Perlik<\/td><td>Toru\u0144<\/td><td>2017<\/td><\/tr><tr><td class=\"has-text-align-center\" data-align=\"center\">82<\/td><td>Jan<\/td><td>Kami\u0144ski<\/td><td>Grudzi\u0105dz<\/td><td>2017<\/td><\/tr><tr><td class=\"has-text-align-center\" data-align=\"center\">83<\/td><td>Waldemar<\/td><td>Jankowski<\/td><td>Gdynia<\/td><td>2017<\/td><\/tr><tr><td class=\"has-text-align-center\" data-align=\"center\">84<\/td><td>Wojciech<\/td><td>Chru\u015bcicki<\/td><td>Polska<\/td><td>2017<\/td><\/tr><tr><td class=\"has-text-align-center\" data-align=\"center\">85<\/td><td>Bo\u017cena<\/td><td>Grabowska<\/td><td>Gda\u0144sk<\/td><td>2017<\/td><\/tr><tr><td class=\"has-text-align-center\" data-align=\"center\">86<\/td><td>Jan<\/td><td>Popiel<\/td><td>Krak\u00f3w<\/td><td>2017<\/td><\/tr><tr><td class=\"has-text-align-center\" data-align=\"center\">87<\/td><td>Lidia<\/td><td>Popiel<\/td><td>Krak\u00f3w<\/td><td>2017<\/td><\/tr><tr><td class=\"has-text-align-center\" data-align=\"center\">88<\/td><td>Andrzej<\/td><td>Trybu\u0142a<\/td><td>Wroc\u0142aw<\/td><td>2017<\/td><\/tr><tr><td class=\"has-text-align-center\" data-align=\"center\">89<\/td><td>Jolanta<\/td><td>Majewicz<\/td><td>Bia\u0142e B\u0142ota <\/td><td>2017<\/td><\/tr><tr><td class=\"has-text-align-center\" data-align=\"center\">90<\/td><td>Roman<\/td><td>Majewicz<\/td><td>Bia\u0142e B\u0142ota<\/td><td>2017<\/td><\/tr><tr><td class=\"has-text-align-center\" data-align=\"center\">91<\/td><td>Helena<\/td><td>Dziembowska<\/td><td>Warszawa<\/td><td>2018<\/td><\/tr><tr><td class=\"has-text-align-center\" data-align=\"center\">92<\/td><td>Dariusz<\/td><td>Wenta<\/td><td>Polska<\/td><td>2018<\/td><\/tr><tr><td class=\"has-text-align-center\" data-align=\"center\">93<\/td><td>Elwira<\/td><td>Ma\u015bli\u0144ska<\/td><td>Ostr\u00f3w Wielkopolski<\/td><td>2018<\/td><\/tr><tr><td class=\"has-text-align-center\" data-align=\"center\">94<\/td><td>Henryk<\/td><td>Kulczyk<\/td><td>Wroc\u0142aw<\/td><td>2018<\/td><\/tr><tr><td class=\"has-text-align-center\" data-align=\"center\">95<\/td><td>W\u0142adys\u0142aw<\/td><td>Pachowicz<\/td><td>Popowo<\/td><td>2018<\/td><\/tr><tr><td class=\"has-text-align-center\" data-align=\"center\">96<\/td><td>Jerzy<\/td><td>Pa\u015bkiewicz<\/td><td>Rzesz\u00f3w<\/td><td>2018<\/td><\/tr><tr><td class=\"has-text-align-center\" data-align=\"center\">97<\/td><td>Sabina<\/td><td>Firkowska<\/td><td>Cieszyn<\/td><td>2018<\/td><\/tr><tr><td class=\"has-text-align-center\" data-align=\"center\">98<\/td><td>Jan<\/td><td>Machala<\/td><td>Cieszyn<\/td><td>2018<\/td><\/tr><tr><td class=\"has-text-align-center\" data-align=\"center\">99<\/td><td>Iwona<\/td><td>Lewcio<\/td><td>Gda\u0144sk<\/td><td>2018<\/td><\/tr><tr><td class=\"has-text-align-center\" data-align=\"center\">100<\/td><td>Alicja<\/td><td>Wrzosek<\/td><td>Gdynia<\/td><td>2018<\/td><\/tr><tr><td class=\"has-text-align-center\" data-align=\"center\">101<\/td><td>Ryszard<\/td><td>Wrzosek<\/td><td>Gdynia<\/td><td>2018<\/td><\/tr><tr><td class=\"has-text-align-center\" data-align=\"center\">102<\/td><td>Jerzy<\/td><td>Jakubowski<\/td><td>Sztum<\/td><td>2018<\/td><\/tr><tr><td class=\"has-text-align-center\" data-align=\"center\">103<\/td><td>Micha\u0142<\/td><td>Hyla<\/td><td>Bielsko-Bia\u0142a<\/td><td>2018<\/td><\/tr><tr><td class=\"has-text-align-center\" data-align=\"center\">104<\/td><td>Stefan<\/td><td>Olejnik<\/td><td>Boles\u0142awiec<\/td><td>2019<\/td><\/tr><tr><td class=\"has-text-align-center\" data-align=\"center\">105<\/td><td>Anna<\/td><td>Olejnik<\/td><td>Boles\u0142awiec<\/td><td>2019<\/td><\/tr><tr><td class=\"has-text-align-center\" data-align=\"center\">106<\/td><td>Jerzy<\/td><td>Antczak<\/td><td>Be\u0142chat\u00f3w<\/td><td>2019<\/td><\/tr><tr><td class=\"has-text-align-center\" data-align=\"center\">107<\/td><td>El\u017cbieta<\/td><td>Antczak<\/td><td>Be\u0142chat\u00f3w<\/td><td>2019<\/td><\/tr><tr><td class=\"has-text-align-center\" data-align=\"center\">108<\/td><td>Romuald<\/td><td>Hrabia<\/td><td>Krak\u00f3w<\/td><td>2019<\/td><\/tr><tr><td class=\"has-text-align-center\" data-align=\"center\">109<\/td><td>Ewa<\/td><td>Pola\u0144ska<\/td><td>Stanis\u0142aw\u00f3w Skrza\u0144ski<\/td><td>2019<\/td><\/tr><tr><td class=\"has-text-align-center\" data-align=\"center\">110<\/td><td>Katarzyna<\/td><td>Wielemborek-Szkup<\/td><td>Domaniewice<\/td><td>2020<\/td><\/tr><tr><td class=\"has-text-align-center\" data-align=\"center\">111<\/td><td>Ireneusz<\/td><td>Cybulski<\/td><td>\u0141owicz<\/td><td>2020<\/td><\/tr><tr><td class=\"has-text-align-center\" data-align=\"center\">112<\/td><td>Mieczys\u0142aw<\/td><td>\u017bochowski<\/td><td>Warszawa<\/td><td>2020<\/td><\/tr><tr><td class=\"has-text-align-center\" data-align=\"center\">113<\/td><td>Zbigniew<\/td><td>Or\u0142owski<\/td><td>Mys\u0142owice<\/td><td>2020<\/td><\/tr><tr><td class=\"has-text-align-center\" data-align=\"center\">114<\/td><td>Gra\u017cyna<\/td><td>Szablewska<\/td><td>Bydgoszcz<\/td><td>2021<\/td><\/tr><tr><td class=\"has-text-align-center\" data-align=\"center\">115<\/td><td>Ma\u0142gorzata<\/td><td>Pleszyniak-Fudali<\/td><td>Gubin<\/td><td>2021<\/td><\/tr><tr><td class=\"has-text-align-center\" data-align=\"center\">116<\/td><td>Antoni<\/td><td>Fudali<\/td><td>Gubin<\/td><td>2021<\/td><\/tr><tr><td class=\"has-text-align-center\" data-align=\"center\">117<\/td><td>Ma\u0142gorzata<\/td><td>Grudzi\u0144ska<\/td><td>S\u0119kowin Stary<\/td><td>2022<\/td><\/tr><tr><td class=\"has-text-align-center\" data-align=\"center\">118<\/td><td>Krzysztof<\/td><td>Kulchawiec<\/td><td>Wroc\u0142aw<\/td><td>2022<\/td><\/tr><tr><td class=\"has-text-align-center\" data-align=\"center\">119<\/td><td>Lidia<\/td><td>Pazo\u0142a<\/td><td>\u015aroda Wielkopolska<\/td><td>2022<\/td><\/tr><tr><td class=\"has-text-align-center\" data-align=\"center\">120<\/td><td>Remigiusz<\/td><td>Bednorz<\/td><td>Imielin<\/td><td>2022<\/td><\/tr><tr><td class=\"has-text-align-center\" data-align=\"center\">121<\/td><td>Jerzy<\/td><td>Kapciak<\/td><td>Radom<\/td><td>2022<\/td><\/tr><tr><td class=\"has-text-align-center\" data-align=\"center\">122<\/td><td>Ewa<\/td><td>Kosicka<\/td><td>Wroc\u0142aw<\/td><td>2022<\/td><\/tr><tr><td class=\"has-text-align-center\" data-align=\"center\">123<\/td><td>Zygmunt<\/td><td>Cebula<\/td><td>Rzesz\u00f3w<\/td><td>2022<\/td><\/tr><tr><td class=\"has-text-align-center\" data-align=\"center\">124<\/td><td>Monika<\/td><td>Tyli\u0144ska<\/td><td>Pozna\u0144<\/td><td>2023<\/td><\/tr><tr><td class=\"has-text-align-center\" data-align=\"center\">125<\/td><td>Piotr<\/td><td>Tyli\u0144ski<\/td><td>Pozna\u0144<\/td><td>2023<\/td><\/tr><tr><td class=\"has-text-align-center\" data-align=\"center\">126<\/td><td>Rados\u0142aw<\/td><td>Tymiec<\/td><td>Mi\u0142oradz<\/td><td>2023<\/td><\/tr><tr><td class=\"has-text-align-center\" data-align=\"center\">127<\/td><td>Daniel<\/td><td>Nazaruk<\/td><td>Gdynia<\/td><td>2023<\/td><\/tr><tr><td class=\"has-text-align-center\" data-align=\"center\">128<\/td><td>Pawe\u0142<\/td><td>\u015aliwi\u0144ski<\/td><td>Dobrzy\u0144 nad Wis\u0142\u0105<\/td><td>2023<\/td><\/tr><tr><td class=\"has-text-align-center\" data-align=\"center\">129<\/td><td>Henryk<\/td><td>Pasik<\/td><td>Grudzi\u0105dz<\/td><td>2023<\/td><\/tr><tr><td class=\"has-text-align-center\" data-align=\"center\">130<\/td><td>Miros\u0142aw<\/td><td>Ostrowski<\/td><td>Elbl\u0105g<\/td><td>2023<\/td><\/tr><tr><td class=\"has-text-align-center\" data-align=\"center\">131<\/td><td>Krzysztof<\/td><td>Ostrowski<\/td><td>Elbl\u0105g<\/td><td>2023<\/td><\/tr><tr><td class=\"has-text-align-center\" data-align=\"center\">132<\/td><td>Teresa<\/td><td>Ostrowska<\/td><td>Elbl\u0105g<\/td><td>2023<\/td><\/tr><tr><td class=\"has-text-align-center\" data-align=\"center\">133<\/td><td>Natalia<\/td><td>Ostrowska<\/td><td>Elbl\u0105g<\/td><td>2023<\/td><\/tr><tr><td class=\"has-text-align-center\" data-align=\"center\">134<\/td><td>Marek<\/td><td>Jezierski<\/td><td>\u0141\u00f3d\u017a<\/td><td>2024<\/td><\/tr><tr><td class=\"has-text-align-center\" data-align=\"center\">135<\/td><td>Miros\u0142aw<\/td><td>Jezierski<\/td><td>\u0141\u00f3d\u017a<\/td><td>2024<\/td><\/tr><tr><td class=\"has-text-align-center\" data-align=\"center\">136<\/td><td>Andrzej<\/td><td>Laskowski<\/td><td>\u0141\u00f3d\u017a<\/td><td>2024<\/td><\/tr><tr><td class=\"has-text-align-center\" data-align=\"center\">137<\/td><td>Magdalena<\/td><td>Kardas-Laskowska<\/td><td>\u0141\u00f3d\u017a<\/td><td>2024<\/td><\/tr><\/tbody><\/table><figcaption class=\"wp-element-caption\">Aktualizacja 19.3.2025<\/figcaption><\/figure>\n","protected":false},"excerpt":{"rendered":"<p>Lp. Imi\u0119 Nazwisko Miejscowo\u015b\u0107 Rok 1 Micha\u0142 Romanowski Szczecin 1999 2 Miros\u0142aw Ma\u0142ecki Szczecin 1999 3 Danuta Boguszewska Zawiercie 2000 4 Henryk Bia\u0142y Tarnowskie G\u00f3ry 2000 5 Kazimierz Lach Warszawa 2000 6 Roman Kapes Rybnik 2001 7 Mieczys\u0142aw Ziental B\u0142onie 2001 8 Leszek Stano Pabianice 2002 9 Gerard Suchanek Katowice 2001 10 Barbara Wierzbicka Krak\u00f3w [&hellip;]<\/p>\n","protected":false},"author":1,"featured_media":0,"parent":0,"menu_order":0,"comment_status":"closed","ping_status":"closed","template":"","meta":{"footnotes":""},"class_list":["post-783","page","type-page","status-publish","hentry"],"_links":{"self":[{"href":"https:\/\/kkraj.pttk.pl\/index.php\/wp-json\/wp\/v2\/pages\/783","targetHints":{"allow":["GET"]}}],"collection":[{"href":"https:\/\/kkraj.pttk.pl\/index.php\/wp-json\/wp\/v2\/pages"}],"about":[{"href":"https:\/\/kkraj.pttk.pl\/index.php\/wp-json\/wp\/v2\/types\/page"}],"author":[{"embeddable":true,"href":"https:\/\/kkraj.pttk.pl\/index.php\/wp-json\/wp\/v2\/users\/1"}],"replies":[{"embeddable":true,"href":"https:\/\/kkraj.pttk.pl\/index.php\/wp-json\/wp\/v2\/comments?post=783"}],"version-history":[{"count":26,"href":"https:\/\/kkraj.pttk.pl\/index.php\/wp-json\/wp\/v2\/pages\/783\/revisions"}],"predecessor-version":[{"id":2102,"href":"https:\/\/kkraj.pttk.pl\/index.php\/wp-json\/wp\/v2\/pages\/783\/revisions\/2102"}],"wp:attachment":[{"href":"https:\/\/kkraj.pttk.pl\/index.php\/wp-json\/wp\/v2\/media?parent=783"}],"curies":[{"name":"wp","href":"https:\/\/api.w.org\/{rel}","templated":true}]}}