{"id":777,"date":"2025-02-02T07:43:12","date_gmt":"2025-02-02T06:43:12","guid":{"rendered":"https:\/\/kkraj.pttk.pl\/?page_id=777"},"modified":"2025-06-24T07:42:06","modified_gmt":"2025-06-24T05:42:06","slug":"zespoly-weryfikacyjne-okp","status":"publish","type":"page","link":"https:\/\/kkraj.pttk.pl\/index.php\/zespoly-weryfikacyjne-okp\/","title":{"rendered":"Zespo\u0142y weryfikacyjne OKP"},"content":{"rendered":"<p style=\"text-align: center;\"><strong>Centralny Zesp\u00f3\u0142 Weryfikacyjny Odznaki Krajoznawczej Polski<\/strong><\/p>\n<p style=\"text-align: left;\">Zesp\u00f3\u0142 ma prawo przyznawania wszystkich stopni Odznaki Krajoznawczej PTTK dziel\u0105cej si\u0119 na: <strong>Regionaln\u0105 Odznak\u0119 Krajoznawcz\u0105<\/strong> w stopniach Br\u0105zowym i Srebrnym oraz <strong>Odznak\u0119 Krajoznawcz\u0105 Polski<\/strong> w stopniach Br\u0105zowym, Srebrnym, Z\u0142otym, Z\u0142otym z Szafirem. Wraz ze zweryfikowan\u0105 przez instruktora krajoznawstwa kronik\u0105 wycieczek nale\u017cy przes\u0142a\u0107 kopert\u0119 z adresem (na kt\u00f3ry ma by\u0107 odes\u0142ana kronika).<\/p>\n<p style=\"text-align: center;\"><strong>Komisja Krajoznawcza Zarz\u0105du G\u0142\u00f3wnego PTTK<\/strong><\/p>\n<p style=\"text-align: center;\"><strong>Centralny Zesp\u00f3\u0142 Weryfikacyjny<\/strong><\/p>\n<p style=\"text-align: center;\"><strong>00-075 Warszawa, ul. Senatorska 11<\/strong><\/p>\n<p><strong><em>Zbigniew Lewandowski &#8211; przewodnicz\u0105cy CZW OK PTTK<\/em><\/strong><\/p>\n<p>KKraj ZG PTTK ul. Senatorska 11 00-075 Warszawa<\/p>\n<p><em><strong>Zygmunt Cebula\u00a0 cz\u0142onek CZW OK PTTK<\/strong><\/em><\/p>\n<p>RPK PTTK ul. Matejki 2 35-064 Rzesz\u00f3w<\/p>\n<p><em><strong>W\u0142odzimierz \u0141\u0119cki cz\u0142onek CZW OK PTTK<\/strong><\/em><\/p>\n<p>ul. S\u0142oneczna 16A\/2 60-286 Pozna\u0144<\/p>\n<p><em><strong>Maciej Ma\u015bli\u0144ski cz\u0142onek CZW OK PTTK<\/strong><\/em><\/p>\n<p>ul. Raszkowska 3\/3 63-400 Ostr\u00f3w Wlkp.<\/p>\n<p><em><strong>Marek Koba cz\u0142onek CZW OK PTTK<\/strong><\/em><\/p>\n<p>RPK PTTK ul. Staromiejska 4 40-013 Katowice<\/p>\n<p><em><strong>Ma\u0142gorzata Paw\u0142owska cz\u0142onek CZW OK PTTK<\/strong><\/em><\/p>\n<p>ul. Emilli Plater 41\/13 16-400 Suwa\u0142ki<\/p>\n<p><em><strong>Krzysztof Czerepowicki<\/strong> <strong>cz\u0142onek CZW OK PTTK<\/strong><\/em><\/p>\n<p>ul. B. Prusa 11 86-300 Grudzi\u0105dz<\/p>\n<p><em><strong>Krzysztof T\u0119cza<\/strong> <strong>cz\u0142onek CZW OK PTTK<\/strong><\/em><\/p>\n<p>ul. Kiepury 23\/11 58-500 Jelenia G\u00f3ra<\/p>\n<p><em><strong>\u00a0Kazimierz Matuszak cz\u0142onek CZW OK PTTK<\/strong><\/em><\/p>\n<p>ul. Marlicza 38\/8 71-246 Szczecin<\/p>\n<p><em><strong>Ryszard Wrzosek cz\u0142onek CZW OK PTTK<\/strong><\/em><\/p>\n<p>ul. I Armii WP 5\/16 81-383 Gdynia<\/p>\n<p style=\"text-align: center;\"><strong>Zespo\u0142y Weryfikacyjne Regionalnej Odznaki Krajoznawczej PTTK<\/strong><\/p>\n<p>Regionaln\u0105 Odznak\u0119 Krajoznawcz\u0105 (ROK) mo\u017cna zweryfikowa\u0107 w oddzia\u0142ach PTTK, przy kt\u00f3rych utworzono Zespo\u0142y Weryfikacyjne ROK<\/p>\n<p><strong>Z kart historii<\/strong><\/p>\n<p>Odznaka Krajoznawcza PTTK powsta\u0142a w 1975 r. jako trzystopniowa.\u00a0Projekt regulaminu nowej Odznaki Krajoznawczej PTTK przedstawiony zosta\u0142 na XXII Centralnym Zlocie Krajoznawc\u00f3w CZAK 1992 w Sierakowie. Po konsultacjach z dzia\u0142aczami krajoznawczymi, cz\u0142onkami Komisji Krajoznawczej ZG PTTK i kierownikami Regionalnych Pracowni Krajoznawczych regulamin wraz z Kanonem Krajoznawczym Polski przygotowali: W\u0142odzimierz \u0141\u0119cki (Pozna\u0144), Jerzy Pawlik (Katowice), Barbara Twar\u00f3g (Krak\u00f3w), Robert Respondowski (Gliwice) i Janusz \u017bmudzi\u0144ski (Warszawa). Projekty odznak wykona\u0142 W\u0142odzimierz Majdewicz.<\/p>\n<p>Wydanie I opublikowano w Poznaniu 26 lutego 1993 r z okazji XIII Walnego Zjazdu PTTK. Wydanie II uzupe\u0142nione i poprawione przygotowa\u0142 Janusz \u017bmudzi\u0144ski w oparciu o uwagi cz\u0142onk\u00f3w Komisji Krajoznawczej ZG PTTK, przedstawicieli oddzia\u0142owych zespo\u0142\u00f3w weryfikacyjnych oraz os\u00f3b zdobywaj\u0105cych odznaki i uczestnik\u00f3w Krajowej Narady Aktywu Krajoznawczego w 1977 r. w Gda\u0144sku. Wydanie III uaktualnione przygotowa\u0142 Robert Respondowski. W stosunku do poprzednich wyda\u0144 wprowadzono kilka nowych obiekt\u00f3w oraz uwzgl\u0119dniono nowy podzia\u0142 administracyjny kraju na szesna\u015bcie wojew\u00f3dztw &#8211; region\u00f3w. W roku 2013 znowelizowano regulamin Odznaki i wykaz obiekt\u00f3w (Kanon Krajoznawczy Polski).<\/p>\n","protected":false},"excerpt":{"rendered":"<p>Centralny Zesp\u00f3\u0142 Weryfikacyjny Odznaki Krajoznawczej Polski Zesp\u00f3\u0142 ma prawo przyznawania wszystkich stopni Odznaki Krajoznawczej PTTK dziel\u0105cej si\u0119 na: Regionaln\u0105 Odznak\u0119 Krajoznawcz\u0105 w stopniach Br\u0105zowym i Srebrnym oraz Odznak\u0119 Krajoznawcz\u0105 Polski w stopniach Br\u0105zowym, Srebrnym, Z\u0142otym, Z\u0142otym z Szafirem. Wraz ze zweryfikowan\u0105 przez instruktora krajoznawstwa kronik\u0105 wycieczek nale\u017cy przes\u0142a\u0107 kopert\u0119 z adresem (na kt\u00f3ry ma by\u0107 [&hellip;]<\/p>\n","protected":false},"author":1,"featured_media":0,"parent":0,"menu_order":0,"comment_status":"closed","ping_status":"closed","template":"","meta":{"footnotes":""},"class_list":["post-777","page","type-page","status-publish","hentry"],"_links":{"self":[{"href":"https:\/\/kkraj.pttk.pl\/index.php\/wp-json\/wp\/v2\/pages\/777","targetHints":{"allow":["GET"]}}],"collection":[{"href":"https:\/\/kkraj.pttk.pl\/index.php\/wp-json\/wp\/v2\/pages"}],"about":[{"href":"https:\/\/kkraj.pttk.pl\/index.php\/wp-json\/wp\/v2\/types\/page"}],"author":[{"embeddable":true,"href":"https:\/\/kkraj.pttk.pl\/index.php\/wp-json\/wp\/v2\/users\/1"}],"replies":[{"embeddable":true,"href":"https:\/\/kkraj.pttk.pl\/index.php\/wp-json\/wp\/v2\/comments?post=777"}],"version-history":[{"count":6,"href":"https:\/\/kkraj.pttk.pl\/index.php\/wp-json\/wp\/v2\/pages\/777\/revisions"}],"predecessor-version":[{"id":1915,"href":"https:\/\/kkraj.pttk.pl\/index.php\/wp-json\/wp\/v2\/pages\/777\/revisions\/1915"}],"wp:attachment":[{"href":"https:\/\/kkraj.pttk.pl\/index.php\/wp-json\/wp\/v2\/media?parent=777"}],"curies":[{"name":"wp","href":"https:\/\/api.w.org\/{rel}","templated":true}]}}