{"id":753,"date":"2025-02-01T07:26:29","date_gmt":"2025-02-01T06:26:29","guid":{"rendered":"https:\/\/kkraj.pttk.pl\/?page_id=753"},"modified":"2025-02-01T08:20:08","modified_gmt":"2025-02-01T07:20:08","slug":"kontakt-2","status":"publish","type":"page","link":"https:\/\/kkraj.pttk.pl\/index.php\/kontakt-2\/","title":{"rendered":"Komisja Krajoznawcza Zarz\u0105du G\u0142\u00f3wnego PTTK"},"content":{"rendered":"<h3 style=\"text-align: center;\">ul. Senatorska 11<\/h3>\n<h3 style=\"text-align: center;\">00 \u2013 075 Warszawa<\/h3>\n<h4 style=\"text-align: center;\">adres email: poczta@kkraj.pttk.pl<\/h4>\n<p style=\"text-align: center;\">Materia\u0142y na stron\u0119 przesy\u0142amy na adres: <strong>stronakkraj@gmail.com<\/strong><\/p>\n","protected":false},"excerpt":{"rendered":"<p>ul. Senatorska 11 00 \u2013 075 Warszawa adres email: poczta@kkraj.pttk.pl Materia\u0142y na stron\u0119 przesy\u0142amy na adres: stronakkraj@gmail.com<\/p>\n","protected":false},"author":1,"featured_media":0,"parent":0,"menu_order":0,"comment_status":"closed","ping_status":"closed","template":"","meta":{"footnotes":""},"class_list":["post-753","page","type-page","status-publish","hentry"],"_links":{"self":[{"href":"https:\/\/kkraj.pttk.pl\/index.php\/wp-json\/wp\/v2\/pages\/753","targetHints":{"allow":["GET"]}}],"collection":[{"href":"https:\/\/kkraj.pttk.pl\/index.php\/wp-json\/wp\/v2\/pages"}],"about":[{"href":"https:\/\/kkraj.pttk.pl\/index.php\/wp-json\/wp\/v2\/types\/page"}],"author":[{"embeddable":true,"href":"https:\/\/kkraj.pttk.pl\/index.php\/wp-json\/wp\/v2\/users\/1"}],"replies":[{"embeddable":true,"href":"https:\/\/kkraj.pttk.pl\/index.php\/wp-json\/wp\/v2\/comments?post=753"}],"version-history":[{"count":3,"href":"https:\/\/kkraj.pttk.pl\/index.php\/wp-json\/wp\/v2\/pages\/753\/revisions"}],"predecessor-version":[{"id":767,"href":"https:\/\/kkraj.pttk.pl\/index.php\/wp-json\/wp\/v2\/pages\/753\/revisions\/767"}],"wp:attachment":[{"href":"https:\/\/kkraj.pttk.pl\/index.php\/wp-json\/wp\/v2\/media?parent=753"}],"curies":[{"name":"wp","href":"https:\/\/api.w.org\/{rel}","templated":true}]}}