{"id":727,"date":"2025-01-31T23:17:47","date_gmt":"2025-01-31T22:17:47","guid":{"rendered":"https:\/\/kkraj.pttk.pl\/?page_id=727"},"modified":"2025-05-13T08:24:53","modified_gmt":"2025-05-13T06:24:53","slug":"czak-2025-2","status":"publish","type":"page","link":"https:\/\/kkraj.pttk.pl\/index.php\/czak-2025-2\/","title":{"rendered":"CZAK 2025.2"},"content":{"rendered":"\n<div class=\"wp-block-buttons is-layout-flex wp-block-buttons-is-layout-flex\"><\/div>\n\n\n\n<figure class=\"wp-block-image size-large\"><img loading=\"lazy\" decoding=\"async\" width=\"1024\" height=\"576\" src=\"https:\/\/kkraj.pttk.pl\/wp-content\/uploads\/2025\/05\/czak-1-1024x576.jpg\" alt=\"\" class=\"wp-image-1711\" srcset=\"https:\/\/kkraj.pttk.pl\/wp-content\/uploads\/2025\/05\/czak-1-1024x576.jpg 1024w, https:\/\/kkraj.pttk.pl\/wp-content\/uploads\/2025\/05\/czak-1-300x169.jpg 300w, https:\/\/kkraj.pttk.pl\/wp-content\/uploads\/2025\/05\/czak-1-768x432.jpg 768w, https:\/\/kkraj.pttk.pl\/wp-content\/uploads\/2025\/05\/czak-1.jpg 1066w\" sizes=\"auto, (max-width: 1024px) 100vw, 1024px\" \/><\/figure>\n\n\n\n<div class=\"wp-block-buttons is-layout-flex wp-block-buttons-is-layout-flex\"><\/div>\n\n\n<p style=\"text-align: center;\"><strong>LII Centralny Zlot Krajoznawc\u00f3w. <\/strong><\/p>\n<p style=\"text-align: center;\"><strong>Kielce 21 &#8211; 24.8.2025<\/strong><\/p>\n<p>Noclegi, \u015bniadania i obiadokolacje \u2013 ***Hotel DAL w Kielcach.<\/p>\n<p class=\"zfr3Q CDt4Ke \" dir=\"ltr\" style=\"text-align: center;\"><strong><span class=\"C9DxTc \">\u201e\u015aWI\u0118TOKRZYSKIE SERCU BLISKIE\u201d<\/span><\/strong><\/p>\n<p class=\"zfr3Q CDt4Ke \" dir=\"ltr\"><strong><span class=\"C9DxTc \">Program<\/span><\/strong><\/p>\n<p class=\"zfr3Q CDt4Ke \" dir=\"ltr\"><em><strong><span class=\"C9DxTc \">0 dzie\u0144 (czwartek, 21 sierpnia 2025)\u00a0<\/span><\/strong><\/em><\/p>\n<ul class=\"n8H08c UVNKR \">\n<li class=\"zfr3Q TYR86d eD0Rn \" dir=\"ltr\">\n<p class=\"zfr3Q CDt4Ke \" dir=\"ltr\" role=\"presentation\"><span class=\"C9DxTc \">14.00<\/span><span class=\"C9DxTc \">\u00a0\u00a0\u00a0<\/span><span class=\"C9DxTc \">\u2013 18.00\u00a0<\/span><span class=\"C9DxTc \">Autokarowa wycieczka krajoznawcza na trasie Kielce \u2013 Michni\u00f3w (<\/span><span class=\"C9DxTc \">Mauzoleum Martyrologii Wsi Polskich<\/span><span class=\"C9DxTc \">) \u2013 Bodzentyn (<\/span><span class=\"C9DxTc \">Fara z o\u0142tarzem wawelskim, ruiny Zamku Biskup\u00f3w Krakowskich<\/span><span class=\"C9DxTc \">) \u2013 Kielce.<\/span><\/p>\n<\/li>\n<li class=\"zfr3Q TYR86d eD0Rn \" dir=\"ltr\">\n<p class=\"zfr3Q CDt4Ke \" dir=\"ltr\" role=\"presentation\"><span class=\"C9DxTc \">19.00\u00a0 obiadokolacja (dla Uczestnik\u00f3w Opcja 1)<\/span><\/p>\n<\/li>\n<\/ul>\n<p class=\"zfr3Q CDt4Ke \" dir=\"ltr\"><span class=\"C9DxTc \">\u00a0<\/span><em><strong><span class=\"C9DxTc \">1 dzie\u0144 (pi\u0105tek, 22 sierpnia)<\/span><\/strong><\/em><\/p>\n<ul class=\"n8H08c UVNKR \">\n<li class=\"zfr3Q TYR86d eD0Rn \" dir=\"ltr\">\n<p class=\"zfr3Q CDt4Ke \" dir=\"ltr\" role=\"presentation\"><span class=\"C9DxTc \">7.30 \u2013 8.30 \u015bniadanie (dla Uczestnik\u00f3w Opcja 1)<\/span><\/p>\n<\/li>\n<li class=\"zfr3Q TYR86d eD0Rn \" dir=\"ltr\">\n<p class=\"zfr3Q CDt4Ke \" dir=\"ltr\" role=\"presentation\"><span class=\"C9DxTc \">9.00 \u2013 13.00 \u015awi\u0119tokrzyski Urz\u0105d Wojew\u00f3dzki w Kielcach (Okr\u0105glak), aleja IX Wiek\u00f3w Kielc 3 (300 m od Bazy Zlotu)<\/span><\/p>\n<\/li>\n<\/ul>\n<p class=\"zfr3Q CDt4Ke \" dir=\"ltr\"><span class=\"C9DxTc \">Uroczyste otwarcie zlotu \u2013 wyst\u0105pienia Go\u015bci<\/span><\/p>\n<p class=\"zfr3Q CDt4Ke \" dir=\"ltr\"><span class=\"C9DxTc \">Referaty:<\/span><\/p>\n<p class=\"zfr3Q CDt4Ke \" dir=\"ltr\"><span class=\"C9DxTc \">o<\/span><span class=\"C9DxTc \">\u00a0\u00a0\u00a0<\/span><span class=\"C9DxTc \">Cezary Jastrz\u0119bski \u2013 \u201eTradycje i wsp\u00f3\u0142czesno\u015b\u0107 krajoznawstwa \u015bwi\u0119tokrzyskiego\u201d.<\/span><\/p>\n<p class=\"zfr3Q CDt4Ke \" dir=\"ltr\"><span class=\"C9DxTc \">o<\/span><span class=\"C9DxTc \">\u00a0\u00a0\u00a0<\/span><span class=\"C9DxTc \">Micha\u0142 Poros \u2013 \u201ePotencja\u0142 Geoparku \u015awi\u0119tokrzyskiego\u201d.<\/span><\/p>\n<p class=\"zfr3Q CDt4Ke \" dir=\"ltr\"><span class=\"C9DxTc \">o<\/span><span class=\"C9DxTc \">\u00a0\u00a0\u00a0<\/span><span class=\"C9DxTc \">Bartosz Piwowarski \u2013 \u201eBli\u017cy\u0144skie Lasy Naturalne \u2013 rezerwat na miar\u0119 parku narodowego\u201d.<\/span><\/p>\n<p class=\"zfr3Q CDt4Ke \" dir=\"ltr\"><span class=\"C9DxTc \">Wystawy kolekcjonerskie.<\/span><\/p>\n<ul class=\"n8H08c UVNKR \">\n<li class=\"zfr3Q TYR86d eD0Rn \" dir=\"ltr\">\n<p class=\"zfr3Q CDt4Ke \" dir=\"ltr\" role=\"presentation\"><span class=\"C9DxTc \">13.00 &#8211; 14.00 \u2013 przerwa kawowa<\/span><\/p>\n<\/li>\n<li class=\"zfr3Q TYR86d eD0Rn \" dir=\"ltr\">\n<p class=\"zfr3Q CDt4Ke \" dir=\"ltr\" role=\"presentation\"><span class=\"C9DxTc \">14.30 \u2013 20.00 &#8211; zwiedzanie atrakcji Kielc (2 grupy):<\/span><\/p>\n<\/li>\n<\/ul>\n<p class=\"zfr3Q CDt4Ke \" dir=\"ltr\"><span class=\"C9DxTc \">o<\/span><span class=\"C9DxTc \">\u00a0\u00a0\u00a0<\/span><span class=\"C9DxTc \">Muzeum Narodowe w Kielcach \u2013 dawny Pa\u0142ac Biskup\u00f3w Krakowskich<\/span><\/p>\n<p class=\"zfr3Q CDt4Ke \" dir=\"ltr\"><span class=\"C9DxTc \">o<\/span><span class=\"C9DxTc \">\u00a0\u00a0\u00a0<\/span><span class=\"C9DxTc \">Bazylika Katedralna w Kielcach<\/span><\/p>\n<p class=\"zfr3Q CDt4Ke \" dir=\"ltr\"><span class=\"C9DxTc \">o<\/span><span class=\"C9DxTc \">\u00a0\u00a0\u00a0<\/span><span class=\"C9DxTc \">Muzeum Historii Kielc<\/span><\/p>\n<p class=\"zfr3Q CDt4Ke \" dir=\"ltr\"><span class=\"C9DxTc \">o<\/span><span class=\"C9DxTc \">\u00a0\u00a0\u00a0<\/span><span class=\"C9DxTc \">Rezerwat przyrody Kadzielnia w Kielcach<\/span><\/p>\n<ul class=\"n8H08c UVNKR \">\n<li class=\"zfr3Q TYR86d eD0Rn \" dir=\"ltr\">\n<p class=\"zfr3Q CDt4Ke \" dir=\"ltr\" role=\"presentation\"><span class=\"C9DxTc \">20.30 Uroczysta kolacja \u2013 biesiada krajoznawc\u00f3w (dla Uczestnik\u00f3w Opcja 1 i 2).<\/span><\/p>\n<\/li>\n<\/ul>\n<p class=\"zfr3Q CDt4Ke \" dir=\"ltr\"><span class=\"C9DxTc \">\u00a0<em><strong>\u00a0<\/strong><\/em><\/span><em><strong><span class=\"C9DxTc \">2 dzie\u0144\u00a0 (sobota, 23 sierpnia)<\/span><\/strong><\/em><\/p>\n<ul class=\"n8H08c UVNKR \">\n<li class=\"zfr3Q TYR86d eD0Rn \" dir=\"ltr\">\n<p class=\"zfr3Q CDt4Ke \" dir=\"ltr\" role=\"presentation\"><span class=\"C9DxTc \">7.30 \u2013 8.30 \u015bniadanie (dla Uczestnik\u00f3w Opcja 1 i 2)<\/span><\/p>\n<\/li>\n<li class=\"zfr3Q TYR86d eD0Rn \" dir=\"ltr\">\n<p class=\"zfr3Q CDt4Ke \" dir=\"ltr\" role=\"presentation\"><span class=\"C9DxTc \">8.30 \u2013 9.30 Forum Krajoznawc\u00f3w &#8211; Hotel\u00a0 DAL<\/span><\/p>\n<\/li>\n<li class=\"zfr3Q TYR86d eD0Rn \" dir=\"ltr\">\n<p class=\"zfr3Q CDt4Ke \" dir=\"ltr\" role=\"presentation\"><span class=\"C9DxTc \">10.00 \u2013 20.00\u00a0<\/span><span class=\"C9DxTc \">Autokarowa wycieczka krajoznawcza na trasie Kielce &#8211; rezerwat przyrody\u00a0<\/span><span class=\"C9DxTc \">Wietrznia<\/span><span class=\"C9DxTc \"><br \/><\/span><span class=\"C9DxTc \">i Centrum Geoedukacji<\/span><span class=\"C9DxTc \">\u00a0&#8211; Ch\u0119ciny (<\/span><span class=\"C9DxTc \">Zamek Kr\u00f3lewski, Synagoga<\/span><span class=\"C9DxTc \">) &#8211; Tokarnia (<\/span><span class=\"C9DxTc \">Muzeum Wsi Kieleckiej \u2013 Park Etnograficzny<\/span><span class=\"C9DxTc \">, posi\u0142ek) &#8211; Samson\u00f3w (<\/span><span class=\"C9DxTc \">ruiny Huty J\u00f3zef<\/span><span class=\"C9DxTc \">) &#8211; d\u0105b\u00a0<\/span><span class=\"C9DxTc \">\u201eBartek\u201d<\/span><span class=\"C9DxTc \">\u00a0&#8211; rezerwat przyrody\u00a0<\/span><span class=\"C9DxTc \">Zache\u0142mie<\/span><span class=\"C9DxTc \">\u00a0(\u015blady tetrapoda) &#8211; Kielce.<\/span><\/p>\n<\/li>\n<li class=\"zfr3Q TYR86d eD0Rn \" dir=\"ltr\">\n<p class=\"zfr3Q CDt4Ke \" dir=\"ltr\" role=\"presentation\"><span class=\"C9DxTc \">\u00a020.00 &#8211; obiadokolacja (dla Uczestnik\u00f3w Opcja 1 i 2)<\/span><\/p>\n<\/li>\n<\/ul>\n<p class=\"zfr3Q CDt4Ke \" dir=\"ltr\"><em><strong><span class=\"C9DxTc \">3 dzie\u0144 (niedziela, 24 sierpnia)<\/span><\/strong><\/em><\/p>\n<ul class=\"n8H08c UVNKR \">\n<li class=\"zfr3Q TYR86d eD0Rn \" dir=\"ltr\">\n<p class=\"zfr3Q CDt4Ke \" dir=\"ltr\" role=\"presentation\"><span class=\"C9DxTc \">7.00 \u2013 8.00 \u015bniadanie (dla Uczestnik\u00f3w Opcja 1 i 2)<\/span><\/p>\n<\/li>\n<li class=\"zfr3Q TYR86d eD0Rn \" dir=\"ltr\">\n<p class=\"zfr3Q CDt4Ke \" dir=\"ltr\" role=\"presentation\"><span class=\"C9DxTc \">8.30 &#8211; 15.00\u00a0<\/span><span class=\"C9DxTc \">Autokarowa wycieczka krajoznawcza na trasie Kielce &#8211;\u00a0<\/span><span class=\"C9DxTc \">\u015awi\u0119ta Katarzyna<\/span><span class=\"C9DxTc \">\u00a0(pierwsze schronisko w G\u00f3rach \u015awi\u0119tokrzyskich) &#8211; Nowa S\u0142upia (<\/span><span class=\"C9DxTc \">Muzeum Staro\u017cytnego Hutnictwa \u015awi\u0119tokrzyskiego<\/span><span class=\"C9DxTc \">) &#8211; \u015awi\u0119ty Krzy\u017c (<\/span><span class=\"C9DxTc \">klasztor, \u015awi\u0119tokrzyski Park Narodowy<\/span><span class=\"C9DxTc \">) &#8211; Huta Szklana (<\/span><span class=\"C9DxTc \">\u015awi\u0119tokrzyska Zagroda Kultury \u201eHarmonia\u201d<\/span><span class=\"C9DxTc \">\u00a0&#8211; posi\u0142ek) &#8211; Kielce.\u00a0<\/span><\/p>\n<\/li>\n<\/ul>\n<p class=\"zfr3Q CDt4Ke \" dir=\"ltr\"><strong><span class=\"C9DxTc \">Odznaka Krajoznawcza Polski<\/span><\/strong><\/p>\n<p class=\"zfr3Q CDt4Ke \" dir=\"ltr\"><span class=\"C9DxTc \">11 obiekt\u00f3w do Odznaki Krajoznawczej Polski:<\/span><span class=\"C9DxTc \">\u00a0Michni\u00f3w, Kielce (Muzeum Narodowe, katedra, Kadzielnia), Ch\u0119ciny, Tokarnia, Samson\u00f3w,\u00a0<\/span><span class=\"C9DxTc \">D<\/span><span class=\"C9DxTc \">\u0105b \u201eBartek\u201d, \u015awi\u0119tokrzyski Park Narodowy (\u015awi\u0119ta Katarzyna, \u015awi\u0119ty Krzy\u017c), Nowa S\u0142upia.<\/span><\/p>\n\n\n<div class=\"wp-block-buttons aligncenter is-layout-flex wp-block-buttons-is-layout-flex\">\n<div class=\"wp-block-button\"><a class=\"wp-block-button__link\" href=\"https:\/\/sites.google.com\/view\/czak2025\/zg%C5%82oszenia?authuser=0\">Zg\u0142oszenia<\/a><\/div>\n<\/div>\n","protected":false},"excerpt":{"rendered":"<p>LII Centralny Zlot Krajoznawc\u00f3w. Kielce 21 &#8211; 24.8.2025 Noclegi, \u015bniadania i obiadokolacje \u2013 ***Hotel DAL w Kielcach. \u201e\u015aWI\u0118TOKRZYSKIE SERCU BLISKIE\u201d Program 0 dzie\u0144 (czwartek, 21 sierpnia 2025)\u00a0 14.00\u00a0\u00a0\u00a0\u2013 18.00\u00a0Autokarowa wycieczka krajoznawcza na trasie Kielce \u2013 Michni\u00f3w (Mauzoleum Martyrologii Wsi Polskich) \u2013 Bodzentyn (Fara z o\u0142tarzem wawelskim, ruiny Zamku Biskup\u00f3w Krakowskich) \u2013 Kielce. 19.00\u00a0 obiadokolacja (dla [&hellip;]<\/p>\n","protected":false},"author":1,"featured_media":0,"parent":0,"menu_order":0,"comment_status":"closed","ping_status":"closed","template":"","meta":{"footnotes":""},"class_list":["post-727","page","type-page","status-publish","hentry"],"_links":{"self":[{"href":"https:\/\/kkraj.pttk.pl\/index.php\/wp-json\/wp\/v2\/pages\/727","targetHints":{"allow":["GET"]}}],"collection":[{"href":"https:\/\/kkraj.pttk.pl\/index.php\/wp-json\/wp\/v2\/pages"}],"about":[{"href":"https:\/\/kkraj.pttk.pl\/index.php\/wp-json\/wp\/v2\/types\/page"}],"author":[{"embeddable":true,"href":"https:\/\/kkraj.pttk.pl\/index.php\/wp-json\/wp\/v2\/users\/1"}],"replies":[{"embeddable":true,"href":"https:\/\/kkraj.pttk.pl\/index.php\/wp-json\/wp\/v2\/comments?post=727"}],"version-history":[{"count":5,"href":"https:\/\/kkraj.pttk.pl\/index.php\/wp-json\/wp\/v2\/pages\/727\/revisions"}],"predecessor-version":[{"id":1990,"href":"https:\/\/kkraj.pttk.pl\/index.php\/wp-json\/wp\/v2\/pages\/727\/revisions\/1990"}],"wp:attachment":[{"href":"https:\/\/kkraj.pttk.pl\/index.php\/wp-json\/wp\/v2\/media?parent=727"}],"curies":[{"name":"wp","href":"https:\/\/api.w.org\/{rel}","templated":true}]}}