{"id":487,"date":"2025-01-31T09:11:30","date_gmt":"2025-01-31T08:11:30","guid":{"rendered":"https:\/\/kkraj.pttk.pl\/?page_id=487"},"modified":"2025-01-31T09:11:30","modified_gmt":"2025-01-31T08:11:30","slug":"swietokrzyskie-kolegium-ik","status":"publish","type":"page","link":"https:\/\/kkraj.pttk.pl\/index.php\/swietokrzyskie-kolegium-ik\/","title":{"rendered":"\u015awi\u0119tokrzyskie Kolegium IK"},"content":{"rendered":"\n<ol class=\"wp-block-list\"><li><strong>Andrzej Guska &#8211; Przewodnicz\u0105cy<\/strong><\/li><li>Wojciech Pasek &#8211; Wiceprzewodnicz\u0105cy<\/li><li>Anna Hendler &#8211; Sekretarz<\/li><li>Zbigniew P\u0119kala<\/li><li>Sebastian Motyl<\/li><\/ol>\n","protected":false},"excerpt":{"rendered":"<p>Andrzej Guska &#8211; Przewodnicz\u0105cy Wojciech Pasek &#8211; Wiceprzewodnicz\u0105cy Anna Hendler &#8211; Sekretarz Zbigniew P\u0119kala Sebastian Motyl<\/p>\n","protected":false},"author":1,"featured_media":0,"parent":0,"menu_order":0,"comment_status":"closed","ping_status":"closed","template":"","meta":{"footnotes":""},"class_list":["post-487","page","type-page","status-publish","hentry"],"_links":{"self":[{"href":"https:\/\/kkraj.pttk.pl\/index.php\/wp-json\/wp\/v2\/pages\/487","targetHints":{"allow":["GET"]}}],"collection":[{"href":"https:\/\/kkraj.pttk.pl\/index.php\/wp-json\/wp\/v2\/pages"}],"about":[{"href":"https:\/\/kkraj.pttk.pl\/index.php\/wp-json\/wp\/v2\/types\/page"}],"author":[{"embeddable":true,"href":"https:\/\/kkraj.pttk.pl\/index.php\/wp-json\/wp\/v2\/users\/1"}],"replies":[{"embeddable":true,"href":"https:\/\/kkraj.pttk.pl\/index.php\/wp-json\/wp\/v2\/comments?post=487"}],"version-history":[{"count":1,"href":"https:\/\/kkraj.pttk.pl\/index.php\/wp-json\/wp\/v2\/pages\/487\/revisions"}],"predecessor-version":[{"id":489,"href":"https:\/\/kkraj.pttk.pl\/index.php\/wp-json\/wp\/v2\/pages\/487\/revisions\/489"}],"wp:attachment":[{"href":"https:\/\/kkraj.pttk.pl\/index.php\/wp-json\/wp\/v2\/media?parent=487"}],"curies":[{"name":"wp","href":"https:\/\/api.w.org\/{rel}","templated":true}]}}