{"id":481,"date":"2025-01-31T09:06:18","date_gmt":"2025-01-31T08:06:18","guid":{"rendered":"https:\/\/kkraj.pttk.pl\/?page_id=481"},"modified":"2025-01-31T22:37:54","modified_gmt":"2025-01-31T21:37:54","slug":"slaskie-kolegium-ik","status":"publish","type":"page","link":"https:\/\/kkraj.pttk.pl\/index.php\/slaskie-kolegium-ik\/","title":{"rendered":"\u015al\u0105skie Kolegium IK"},"content":{"rendered":"\n<ol class=\"wp-block-list\"><li><strong>Maciej Berny &#8211; Przewodnicz\u0105cy<\/strong><\/li><li>Mariusz Dmetrecki &#8211; Wiceprzewodnicz\u0105cy<\/li><li>Marek Koba &#8211; Sekretarz<\/li><li>S\u0142awomir Hanc<\/li><li>J\u00f3zef Str\u0105k<\/li><\/ol>\n","protected":false},"excerpt":{"rendered":"<p>Maciej Berny &#8211; Przewodnicz\u0105cy Mariusz Dmetrecki &#8211; Wiceprzewodnicz\u0105cy Marek Koba &#8211; Sekretarz S\u0142awomir Hanc J\u00f3zef Str\u0105k<\/p>\n","protected":false},"author":1,"featured_media":0,"parent":0,"menu_order":0,"comment_status":"closed","ping_status":"closed","template":"","meta":{"footnotes":""},"class_list":["post-481","page","type-page","status-publish","hentry"],"_links":{"self":[{"href":"https:\/\/kkraj.pttk.pl\/index.php\/wp-json\/wp\/v2\/pages\/481","targetHints":{"allow":["GET"]}}],"collection":[{"href":"https:\/\/kkraj.pttk.pl\/index.php\/wp-json\/wp\/v2\/pages"}],"about":[{"href":"https:\/\/kkraj.pttk.pl\/index.php\/wp-json\/wp\/v2\/types\/page"}],"author":[{"embeddable":true,"href":"https:\/\/kkraj.pttk.pl\/index.php\/wp-json\/wp\/v2\/users\/1"}],"replies":[{"embeddable":true,"href":"https:\/\/kkraj.pttk.pl\/index.php\/wp-json\/wp\/v2\/comments?post=481"}],"version-history":[{"count":3,"href":"https:\/\/kkraj.pttk.pl\/index.php\/wp-json\/wp\/v2\/pages\/481\/revisions"}],"predecessor-version":[{"id":687,"href":"https:\/\/kkraj.pttk.pl\/index.php\/wp-json\/wp\/v2\/pages\/481\/revisions\/687"}],"wp:attachment":[{"href":"https:\/\/kkraj.pttk.pl\/index.php\/wp-json\/wp\/v2\/media?parent=481"}],"curies":[{"name":"wp","href":"https:\/\/api.w.org\/{rel}","templated":true}]}}