{"id":463,"date":"2025-01-31T08:43:54","date_gmt":"2025-01-31T07:43:54","guid":{"rendered":"https:\/\/kkraj.pttk.pl\/?page_id=463"},"modified":"2025-01-31T08:43:54","modified_gmt":"2025-01-31T07:43:54","slug":"lubelskie-kolegium-ik","status":"publish","type":"page","link":"https:\/\/kkraj.pttk.pl\/index.php\/lubelskie-kolegium-ik\/","title":{"rendered":"Lubelskie Kolegium IK"},"content":{"rendered":"\n<ol class=\"wp-block-list\"><li><strong>Wies\u0142aw Wi\u0105cek &#8211; Przewodnicz\u0105cy<\/strong><\/li><li>Wojciech Kowalski &#8211; Wiceprzewodnicz\u0105cy<\/li><li>Anna Ciecha\u0144ska &#8211; Marucha &#8211; Sekretarz<\/li><li>Barbara Bogdanowicz<\/li><li>Mieczys\u0142aw Tokarski<\/li><\/ol>\n","protected":false},"excerpt":{"rendered":"<p>Wies\u0142aw Wi\u0105cek &#8211; Przewodnicz\u0105cy Wojciech Kowalski &#8211; Wiceprzewodnicz\u0105cy Anna Ciecha\u0144ska &#8211; Marucha &#8211; Sekretarz Barbara Bogdanowicz Mieczys\u0142aw Tokarski<\/p>\n","protected":false},"author":1,"featured_media":0,"parent":0,"menu_order":0,"comment_status":"closed","ping_status":"closed","template":"","meta":{"footnotes":""},"class_list":["post-463","page","type-page","status-publish","hentry"],"_links":{"self":[{"href":"https:\/\/kkraj.pttk.pl\/index.php\/wp-json\/wp\/v2\/pages\/463","targetHints":{"allow":["GET"]}}],"collection":[{"href":"https:\/\/kkraj.pttk.pl\/index.php\/wp-json\/wp\/v2\/pages"}],"about":[{"href":"https:\/\/kkraj.pttk.pl\/index.php\/wp-json\/wp\/v2\/types\/page"}],"author":[{"embeddable":true,"href":"https:\/\/kkraj.pttk.pl\/index.php\/wp-json\/wp\/v2\/users\/1"}],"replies":[{"embeddable":true,"href":"https:\/\/kkraj.pttk.pl\/index.php\/wp-json\/wp\/v2\/comments?post=463"}],"version-history":[{"count":1,"href":"https:\/\/kkraj.pttk.pl\/index.php\/wp-json\/wp\/v2\/pages\/463\/revisions"}],"predecessor-version":[{"id":465,"href":"https:\/\/kkraj.pttk.pl\/index.php\/wp-json\/wp\/v2\/pages\/463\/revisions\/465"}],"wp:attachment":[{"href":"https:\/\/kkraj.pttk.pl\/index.php\/wp-json\/wp\/v2\/media?parent=463"}],"curies":[{"name":"wp","href":"https:\/\/api.w.org\/{rel}","templated":true}]}}