{"id":457,"date":"2025-01-31T08:27:18","date_gmt":"2025-01-31T07:27:18","guid":{"rendered":"https:\/\/kkraj.pttk.pl\/?page_id=457"},"modified":"2025-01-31T08:27:18","modified_gmt":"2025-01-31T07:27:18","slug":"kujawsko-pomorskie-kolegium-ik","status":"publish","type":"page","link":"https:\/\/kkraj.pttk.pl\/index.php\/kujawsko-pomorskie-kolegium-ik\/","title":{"rendered":"Kujawsko &#8211; Pomorskie Kolegium IK"},"content":{"rendered":"\n<ol class=\"wp-block-list\"><li><strong>Jan Kami\u0144ski &#8211; Przewodnicz\u0105cy<\/strong><\/li><li>Marek Klain &#8211; Wiceprzewodnicz\u0105cy<\/li><li>Hanna Czech &#8211; Sekretarz<\/li><li>Jerzy Chudzy\u0144ski<\/li><li>Zygmunt Gdaniec<\/li><li>Zdzis\u0142aw Gostomski<\/li><li>Jacek Treichel<\/li><\/ol>\n","protected":false},"excerpt":{"rendered":"<p>Jan Kami\u0144ski &#8211; Przewodnicz\u0105cy Marek Klain &#8211; Wiceprzewodnicz\u0105cy Hanna Czech &#8211; Sekretarz Jerzy Chudzy\u0144ski Zygmunt Gdaniec Zdzis\u0142aw Gostomski Jacek Treichel<\/p>\n","protected":false},"author":1,"featured_media":0,"parent":0,"menu_order":0,"comment_status":"closed","ping_status":"closed","template":"","meta":{"footnotes":""},"class_list":["post-457","page","type-page","status-publish","hentry"],"_links":{"self":[{"href":"https:\/\/kkraj.pttk.pl\/index.php\/wp-json\/wp\/v2\/pages\/457","targetHints":{"allow":["GET"]}}],"collection":[{"href":"https:\/\/kkraj.pttk.pl\/index.php\/wp-json\/wp\/v2\/pages"}],"about":[{"href":"https:\/\/kkraj.pttk.pl\/index.php\/wp-json\/wp\/v2\/types\/page"}],"author":[{"embeddable":true,"href":"https:\/\/kkraj.pttk.pl\/index.php\/wp-json\/wp\/v2\/users\/1"}],"replies":[{"embeddable":true,"href":"https:\/\/kkraj.pttk.pl\/index.php\/wp-json\/wp\/v2\/comments?post=457"}],"version-history":[{"count":1,"href":"https:\/\/kkraj.pttk.pl\/index.php\/wp-json\/wp\/v2\/pages\/457\/revisions"}],"predecessor-version":[{"id":459,"href":"https:\/\/kkraj.pttk.pl\/index.php\/wp-json\/wp\/v2\/pages\/457\/revisions\/459"}],"wp:attachment":[{"href":"https:\/\/kkraj.pttk.pl\/index.php\/wp-json\/wp\/v2\/media?parent=457"}],"curies":[{"name":"wp","href":"https:\/\/api.w.org\/{rel}","templated":true}]}}