{"id":445,"date":"2025-01-31T07:52:33","date_gmt":"2025-01-31T06:52:33","guid":{"rendered":"https:\/\/kkraj.pttk.pl\/?page_id=445"},"modified":"2025-01-31T07:52:33","modified_gmt":"2025-01-31T06:52:33","slug":"pomorskie-kolegium-ik","status":"publish","type":"page","link":"https:\/\/kkraj.pttk.pl\/index.php\/pomorskie-kolegium-ik\/","title":{"rendered":"Pomorskie Kolegium IK"},"content":{"rendered":"\n<ol class=\"wp-block-list\"><li><strong>Ryszard J\u00f3zef Wrzosek &#8211; Przewodnicz\u0105cy<\/strong><\/li><li>Dariusz D\u0119bski &#8211; Wiceprzewodnicz\u0105cy<\/li><li>Janusz Wojewski &#8211; Sekretarz<\/li><li>Anna Go\u0142aszewska<\/li><li>Ma\u0142gorzata Gwizdek<\/li><li>Waldemar Jankowski<\/li><li>Jerzy Jakubowski<\/li><\/ol>\n","protected":false},"excerpt":{"rendered":"<p>Ryszard J\u00f3zef Wrzosek &#8211; Przewodnicz\u0105cy Dariusz D\u0119bski &#8211; Wiceprzewodnicz\u0105cy Janusz Wojewski &#8211; Sekretarz Anna Go\u0142aszewska Ma\u0142gorzata Gwizdek Waldemar Jankowski Jerzy Jakubowski<\/p>\n","protected":false},"author":1,"featured_media":0,"parent":0,"menu_order":0,"comment_status":"closed","ping_status":"closed","template":"","meta":{"footnotes":""},"class_list":["post-445","page","type-page","status-publish","hentry"],"_links":{"self":[{"href":"https:\/\/kkraj.pttk.pl\/index.php\/wp-json\/wp\/v2\/pages\/445","targetHints":{"allow":["GET"]}}],"collection":[{"href":"https:\/\/kkraj.pttk.pl\/index.php\/wp-json\/wp\/v2\/pages"}],"about":[{"href":"https:\/\/kkraj.pttk.pl\/index.php\/wp-json\/wp\/v2\/types\/page"}],"author":[{"embeddable":true,"href":"https:\/\/kkraj.pttk.pl\/index.php\/wp-json\/wp\/v2\/users\/1"}],"replies":[{"embeddable":true,"href":"https:\/\/kkraj.pttk.pl\/index.php\/wp-json\/wp\/v2\/comments?post=445"}],"version-history":[{"count":1,"href":"https:\/\/kkraj.pttk.pl\/index.php\/wp-json\/wp\/v2\/pages\/445\/revisions"}],"predecessor-version":[{"id":447,"href":"https:\/\/kkraj.pttk.pl\/index.php\/wp-json\/wp\/v2\/pages\/445\/revisions\/447"}],"wp:attachment":[{"href":"https:\/\/kkraj.pttk.pl\/index.php\/wp-json\/wp\/v2\/media?parent=445"}],"curies":[{"name":"wp","href":"https:\/\/api.w.org\/{rel}","templated":true}]}}