{"id":431,"date":"2025-01-30T18:36:36","date_gmt":"2025-01-30T17:36:36","guid":{"rendered":"https:\/\/kkraj.pttk.pl\/?page_id=431"},"modified":"2025-02-24T18:29:19","modified_gmt":"2025-02-24T17:29:19","slug":"kolekcjonerstwo","status":"publish","type":"page","link":"https:\/\/kkraj.pttk.pl\/index.php\/kolekcjonerstwo\/","title":{"rendered":"Kolekcjonerstwo"},"content":{"rendered":"<p style=\"text-align: center;\"><em><strong>Kolekcjonerstwo krajoznawcze<\/strong><\/em><\/p>\n<p style=\"text-align: center;\"><em><strong>Historia Podkomisji Kolekcjonerstwa Krajoznawczego<\/strong><\/em><\/p>\n<p>Kolekcjonerstwo krajoznawcze wyros\u0142o z chlubnych tradycji Polskiego Towarzystwa Tatrza\u0144skiego i Polskiego Towarzystwa Krajoznawczego. Idea gromadzenia r\u00f3\u017cnych przedmiot\u00f3w zwi\u0105zanych z krajem ojczystym przy\u015bwieca\u0142a prekursorom krajoznawstwa: Tytusowi Cha\u0142ubi\u0144skiemu, Zygmuntowi Glogerowi, Aleksandrowi Janowskiemu, Kazimierzowi Kulwieciowi, Miko\u0142ajowi Wisznickiemu. Naczeln\u0105 dewiz\u0105 \u015bwiat\u0142ych krajoznawc\u00f3w by\u0142o ratowanie pami\u0105tek przesz\u0142o\u015bci, zabezpieczenie zbior\u00f3w od zniszczenia, zapomnienia oraz przekazanie ich nast\u0119pnym pokoleniom. Wielkie zaanga\u017cowanie krajoznawc\u00f3w, pog\u0142\u0119bione uczuciowymi czynnikami sprawi\u0142o, \u017ce odnalezione r\u00f3\u017cnorodne, cenne przedmioty oraz dokumenty zosta\u0142y oddane spo\u0142ecze\u0144stwu. Wzbogaci\u0142o to wiedz\u0119 o regionie, kraju, jego historii i kulturze. Wiele starych fotografii, poczt\u00f3wek oraz innych pami\u0105tek przyczyni\u0142o si\u0119 do poznania obiekt\u00f3w, kt\u00f3re uleg\u0142y zniszczeniu lub znacznym przemianom. Cz\u0142onkowie naszego Towarzystwa o zami\u0142owaniach kolekcjonerskich przyczynili si\u0119 r\u00f3wnie\u017c do powstania izb pami\u0119ci narodowej, biograficznych i etnograficznych oraz w wielu przypadkach do powi\u0119kszenia zbior\u00f3w muze\u00f3w i plac\u00f3wek naukowych. W ostatnich latach zmieni\u0142 si\u0119 profil kolekcjonerstwa krajoznawczego, uleg\u0142 znacznej demokratyzacji dzi\u0119ki masowemu uprawianiu turystyki, kt\u00f3ra te\u017c spowodowa\u0142a wzrost zainteresowania krajoznawstwem i kolekcjonerstwem. Kolekcjonerstwo charakteryzuje du\u017ca r\u00f3\u017cnorodno\u015b\u0107 tematyki gromadzonych przedmiot\u00f3w. Zbiory krajoznawcze wyr\u00f3\u017cnia w dalszym ci\u0105gu bezpo\u015bredni lub czasami po\u015bredni zwi\u0105zek z ide\u0105 turystyki, wiedz\u0105 o regionie, kraju, jego historii i kulturze.<\/p>\n<p>Z okazji jubileuszu Podkomisji Kolekcjonerstwa Krajoznawczego chc\u0119 przypomnie\u0107 histori\u0119 ruchu kolekcjonerskiego oraz jego tw\u00f3rc\u00f3w. Zacz\u0105\u0107 nale\u017cy od pierwszego pokazu pami\u0105tek turystycznych zorganizowanego w 1966 r. przez Klub \u201eCzata 62\u201d podczas I Og\u00f3lnopolskiego Rajdu Pieszego im. Aleksandra Janowskiego. Inicjatorem by\u0142 krajoznawca kolekcjoner Witold Nastiuszonek z Oddzia\u0142u PTTK Warszawa \u015ar\u00f3dmie\u015bcie. Tak\u017ce na terenie kraju pojawia\u0142y si\u0119 inne inicjatywy o podobnym charakterze. Zainteresowania krajoznawc\u00f3w by\u0142y wi\u0119c inspiracj\u0105 dla Komisji Krajoznawczej ZG PTTK do nadania ruchowi kolekcjonerskiemu w\u0142a\u015bciwych kszta\u0142t\u00f3w organizacyjnych. By\u0142o to zgodne z za\u0142o\u017ceniami programowymi Towarzystwa, bowiem kolekcjonerstwo mia\u0142o sprzyja\u0107 rozwijaniu i popularyzacji wiedzy o kraju, chroni\u0107 przedmioty kultury materialnej od zniszczenia i zapomnienia. I tak ju\u017c w 1973 r. Jacek W\u0119grzynowicz i Anna Becker Kuli\u0144ska przeprowadzili ankiet\u0119 sonda\u017cow\u0105 dot. zainteresowa\u0144 kolekcjonerskich w PTTK, sporz\u0105dzili wykaz kolekcjoner\u00f3w krajoznawc\u00f3w i ich zbior\u00f3w. Nast\u0119pnie w 1974 r. znani krajoznawcy \u2013 kolekcjonerzy: Adam Czarnowski i Tadeusz Sobieszek przy wsp\u00f3\u0142pracy z Bronis\u0142awem Cmel\u0105 i Nikodemem B\u0142a\u017cowskim opracowali regulaminy wyr\u00f3\u017cnie\u0144 kolekcjonerskich: Plakietki Zbior\u00f3w Krajoznawczych i Ekslibrisu Krajoznawcy Bibliofila. Regulaminy te obowi\u0105zywa\u0142y od 1 stycznia 1975 r. a wyr\u00f3\u017cnienia cieszy\u0142y si\u0119 du\u017c\u0105 popularno\u015bci\u0105. Rosn\u0105ce zainteresowanie kolekcjonerstwem znalaz\u0142o te\u017c odbicie w przygotowaniach do zbli\u017caj\u0105cego si\u0119 Kongresu Krajoznawstwa Polskiego w P\u0142ocku (1980).<\/p>\n<p>Przed Kongresem odby\u0142y si\u0119 sejmiki:<\/p>\n<ul>\n<li>w Lublinie \u2013 \u201eZbieractwo i kolekcjonerstwo\u201d \u2013 1978 r.<\/li>\n<li>w Kielcach \u2013 \u201eZbieractwo i kolekcjonerstwo w\u0142asne, ich \u017ar\u00f3d\u0142o i znaczenie dla kolekcjonerstwa\u201d \u2013 1979 r.<\/li>\n<\/ul>\n<p>Szeroka dyskusja w\u015br\u00f3d krajoznawc\u00f3w a szczeg\u00f3lnie podczas sejmik\u00f3w przedkongresowych spowodowa\u0142a, \u017ce 15 czerwca 1979 r. z\u0142o\u017cono wniosek do Komisji Krajoznawczej ZG w sprawie powo\u0142ania Zespo\u0142u do spraw kolekcjonerstwa. Przewodniczenie Zespo\u0142owi powierzono Adamowi Czarnowskiemu i Tadeuszowi Sobieszkowi. Nieco p\u00f3\u017aniej 11 sierpnia 1979 r. podczas IX CZAK-u w Czarnowie powo\u0142ano Podkomisj\u0119 Kolekcjonerstwa Krajoznawczego z siedzib\u0105 w Lublinie. Mia\u0142a ona funkcjonowa\u0107 w oparciu o RPK oraz Klub Kolekcjoner\u00f3w Krajoznawc\u00f3w \u201eChomik\u201d dzia\u0142aj\u0105cy w\u00f3wczas przy Rzemie\u015blniczym Oddziale PTTK w Lublinie. Jej przewodnicz\u0105cym zosta\u0142 Tadeusz Sobieszek, a przez nast\u0119pne dwie kadencje funkcj\u0119 t\u0119 sprawowa\u0142 Adam Czarnowski. Dzi\u0119ki du\u017cemu zaanga\u017cowaniu w\/w koleg\u00f3w dzia\u0142alno\u015b\u0107 Podkomisji rozwija\u0142a si\u0119, ros\u0142o te\u017c zainteresowanie kolekcjonerstwem na terenie ca\u0142ego kraju. Jednak mimo du\u017cych osi\u0105gni\u0119\u0107 Podkomisja w 1991 r. przesta\u0142a funkcjonowa\u0107. Przyczyn\u0105 by\u0142a likwidacja wojew\u00f3dzkich struktur PTTK. Po kr\u00f3tkiej przerwie powo\u0142any zosta\u0142 Lubelski Zesp\u00f3\u0142 Kolekcjonerstwa Krajoznawczego pod przewodnictwem Marka Wyszkowskiego, ale dzia\u0142alno\u015b\u0107 tego Zespo\u0142u trwa\u0142a dwa lata. Po rozwi\u0105zaniu tego Zespo\u0142u dzia\u0142alno\u015b\u0107 kolekcjonerk\u0105 w imieniu Podkomisji prowadzi\u0142 Klub \u201eChomik\u201d. Organizowa\u0142 m.in. sesje kolekcjonerskie (8) oraz wystawy (7) o zasi\u0119gu krajowym. Nale\u017cy zaznaczy\u0107, \u017ce w tym czasie pr\u0119\u017cnym o\u015brodkiem propaguj\u0105cym kolekcjonerstwo krajoznawcze by\u0142 te\u017c Oddzia\u0142 PTTK w Opolu. Organizowano tam og\u00f3lnopolskie wystawy i gie\u0142dy znaczka turystycznego. W dzia\u0142alno\u015bci tej wyr\u00f3\u017cnia\u0142 si\u0119 Leopold Zi\u00f3\u0142kowski, Jacek Rogo\u017ca a p\u00f3\u017aniej Henryk Paciej. Tam te\u017c w 1995 r. powo\u0142any zosta\u0142 Zesp\u00f3\u0142 d\/s kolekcjonerstwa, a p\u00f3\u017aniej H. Paciej powo\u0142a\u0142 \u201e4K\u201d Korespondencyjny Klub Kolekcjoner\u00f3w Krajoznawc\u00f3w. Dzi\u0119ki Jego zaanga\u017cowaniu Klub uzyska\u0142 du\u017c\u0105 popularno\u015b\u0107 i ilo\u015b\u0107 jego cz\u0142onk\u00f3w wzros\u0142a do oko\u0142o 100 os\u00f3b. Wydawano \u201eBiuletyn kolekcjonerski\u201d pocz\u0105tkowo jako kwartalnik a nast\u0119pnie publikowano w miesi\u0119czniku \u201eNa szlaku\u201d kolumn\u0119: \u201eNa kolekcjonerskim szlaku\u201d. Biuletyn wydawany by\u0142 tak\u017ce w wersji elektronicznej.<\/p>\n<p>W krzewieniu idei kolekcjonerstwa krajoznawczego znacz\u0105co wyr\u00f3\u017cnia\u0142 si\u0119 te\u017c Klub Kolekcjoner\u00f3w Krajoznawc\u00f3w w Krakowie a w nim Roman Binek, Barbara Twar\u00f3g, Stefan Rypuszy\u0144ski, Stanis\u0142aw Bily, Wiktor Medwecki i Bogumi\u0142 G\u0105sikowski. Klub organizowa\u0142 wystawy ciesz\u0105ce si\u0119 du\u017cym zainteresowaniem oraz wydawa\u0142 \u201eInformator kolekcjonerski\u201d \u2013 15 numer\u00f3w. Dzia\u0142alno\u015b\u0107 kolekcjonerska widoczna by\u0142a tak\u017ce w oddzia\u0142ach Towarzystwa: Kielce, Wa\u0142brzych, J\u0119drzej\u00f3w, Elbl\u0105g, Gliwice, Jelenia G\u00f3ra oraz w innych. W Rzeszowie Ryszard Zawi\u015blak i Zygmunt Ka\u0142u\u017ca zorganizowali w latach 1986-87 dwa Og\u00f3lnopolskie Spotkania Kolekcjoner\u00f3w Krajoznawc\u00f3w, a w Gliwicach Klub T.P. \u201e Wagabunda\u201d \u201eRajd zbieraczy\u201d. W Grudzi\u0105dzu z inicjatywy Henryka Stopikowskiego powsta\u0142a Ma\u0142a Galeria Ekslibrisu. Kolekcjoner ten by\u0142 organizatorem wielu wystaw ekslibris\u00f3w a tak\u017ce Mi\u0119dzynarodowego Biennale Ekslibrisu z udzia\u0142em tw\u00f3rc\u00f3w z ca\u0142ego \u015bwiata.<\/p>\n<p>Jak wspomnia\u0142em wcze\u015bniej du\u017c\u0105 aktywno\u015bci\u0105 w zakresie kolekcjonerstwa krajoznawczego wyr\u00f3\u017cnia\u0142 si\u0119 Klub \u201eChomik\u201d (powsta\u0142y w 1976 r. w Lublinie). Klub organizowa\u0142 cykliczne imprezy pocz\u0105tkowo pod nazw\u0105 \u201eOg\u00f3lnopolska Gie\u0142da i Wystawa Trofe\u00f3w Turystycznych\u201d, a p\u00f3\u017aniej jako \u201eOg\u00f3lnopolska Wystawa Kolekcjonerska\u201d- razem 26 wystaw. Mia\u0142y one na celu popularyzacj\u0119 symboliki i tre\u015bci krajoznawczej zawartej w odznakach turystycznych. W tym zakresie Klub wsp\u00f3\u0142pracowa\u0142 z krakowskim artyst\u0105 plastykiem Januszem Trzebiatowskim, kt\u00f3ry na jednej z wystaw w Lublinie zaprezentowa\u0142 odznaki i oznaki w\u0142asnego projektu o wysokim poziomie artystycznym. Wielokrotnym uczestnictwem w lubelskich wystawach wyr\u00f3\u017cnili si\u0119: Tadeusz J. Chmielewski, Tadeusz Kami\u0144ski, Wojciech Kowalski, Stanis\u0142aw Misztal, Hanna i Marek Wyszkowscy, S\u0142awomir Brac\u0142aw, Irena i Mieczys\u0142aw Ko\u0142odziejczykowie (\u015awidnik), W\u0142adys\u0142aw Anasiewicz, Marian Paw\u0142owski (Sobieszyn). Z innych miast Polski na wystawach nagradzani byli: Krzysztof Ko\u0144czewski (Pi\u0142a), Roman Binek (Krak\u00f3w), Barbara Wojtczak (\u0141\u00f3d\u017a), Tadeusz Konieczka (Inowroc\u0142aw).<\/p>\n<p>Do grona krajoznawc\u00f3w kt\u00f3rzy wyr\u00f3\u017cnili si\u0119 w dzia\u0142alno\u015bci kolekcjonerskiej nale\u017cy zaliczy\u0107: Jerzego Komorowskiego (Wroc\u0142aw), Henryka Kardysia (Mielec), Boles\u0142awa Filipowskiego (Bielsko-Bia\u0142a). Z inspiracji Podkomisji organizowane by\u0142y tak\u017ce pokazy kolekcjonerskie z udzia\u0142em m\u0142odych krajoznawc\u00f3w w nast\u0119puj\u0105cych miastach: Piotrk\u00f3w Trybunalski, Uniej\u00f3w, Piwniczna, Pokrzywna czy Krak\u00f3w. Mia\u0142y one zach\u0119ci\u0107 m\u0142odzie\u017c do kolekcjonerstwa. Du\u017cym wyzwaniem by\u0142y te\u017c sesje problemowe po\u0142\u0105czone z wystawami zbior\u00f3w miejscowych kolekcjoner\u00f3w: Szczecin, Lublin (3 razy), \u0141\u00f3d\u017a, Zamo\u015b\u0107 i Kielce. Z sesji tych wydawane by\u0142y publikacje. Wielokrotnie wystawy kolekcjonerskie u\u015bwietnia\u0142y CZAK-i m.in. w Chorzowie, Lublinie, Fromborku, Che\u0142mie, Zgorzelcu, Elbl\u0105gu, Cz\u0119stochowie, \u0141\u0119czycy, Ko\u0144skich oraz Supra\u015blu. Cz\u0142onkowie Podkomisji trzykrotnie prezentowali swoje zbiory krajoznawcze w siedzibie Zarz\u0105du G\u0142\u00f3wnego PTTK. Ponadto poczt\u00f3wki wydawnictwa PTK z kolekcji Wojciecha Kowalskiego wystawiane by\u0142y w Pu\u0142awach oraz w Muzeum Miasta i Rzeki Warty PTTK. Znacz\u0105c\u0105 rol\u0119 dla kolekcjonerstwa krajoznawczego odegra\u0142a Podkomisja dzi\u0119ki swoim wydawnictwom oraz broszurom informacyjnym i metodycznym. Szczeg\u00f3lnie cenna by\u0142a seria \u201eKolekcjonerstwo krajoznawcze\u201d po\u015bwi\u0119cone bie\u017c\u0105cym wydarzeniom kolekcjonerskim w PTTK. Wydawane by\u0142y tak\u017ce opracowania tematyczne oraz broszury z sesji kolekcjonerskich. W\u015br\u00f3d autor\u00f3w wyr\u00f3\u017cni\u0107 nale\u017cy szczeg\u00f3lnie Adama Czarnowskiego ale tak\u017ce Tadeusza J. Chmilewskego, Romana Binka, Wojciecha Lipniackigo. Adam Czarnowski by\u0142 autorem pionierskiego opracowania \u201eKatalog poczt\u00f3wek Polskiego Towarzystwa Krajoznawczego\u201d (cz.I. wyd.1988 r.), kt\u00f3re zyska\u0142o wielkie zainteresowanie w\u015br\u00f3d kolekcjoner\u00f3w g\u0142\u00f3wnie filokartyst\u00f3w. Sk\u0142oni\u0142o to wybitnego znawc\u0119 tematu do wydania nast\u0119pnego opracowania, katalogu \u201ePoczt\u00f3wki Polskiego Towarzystwa Krajoznawczego &#8211; obraz ojczystego kraju i to\u017csamo\u015bci narodowej\u201d (wyd.2003 r.) Du\u017ce zainteresowanie tematem poczt\u00f3wek wydanych przez PTK sprawi\u0142o, \u017ce Bohdan Dunin Wilczy\u0144ski i Wojciech Kowalski wydali album \u201ePi\u0119kna nasza Polska ca\u0142a\u2026 Poczt\u00f3wki Polskiego Towarzystwa Krajoznawczego\u201d(Lublin 2007 r.) Wymienione wa\u017cniejsze wydarzenia z dzia\u0142alno\u015bci Podkomisji by\u0142y dzie\u0142em wielu krajoznawc\u00f3w obdarzonych pasj\u0105 kolekcjonersk\u0105, chc\u0119 ich wymieni\u0107 jeszcze raz: Adam Czarnowski, Tadeusz Sobieszek, Witold Nastiuszonek, Henryk Paciej, Zygmunt Nasalski, Tadeusz J. Chmielewski, Wojciech Lipniacki, Jerzy Komorowski, Janusz Motyka, Jerzy Nowok, Krzysztof Ko\u0144czewski, Stefan Anio\u0142a, Jerzy Morgulec. Z powy\u017cszych informacji wynika, \u017ce Podkomisja mia\u0142a przerwy w swoim dzia\u0142aniu. Ponownie zosta\u0142a reaktywowana w 2011 r. i podj\u0119\u0142a kontynuacj\u0119 wcze\u015bniejszych dzia\u0142a\u0144. W ostatnich trzech kadencjach w pracach Podkomisji uczestniczyli: Wojciech Kowalski, Henryk Paciej, Janusz Motyka, Maciej Ma\u015bli\u0144ski, Mieczys\u0142aw Tokarski, Stanis\u0142aw G\u0119bski, Bogumi\u0142 R. Korzeniewski, Jacek Treichel, Marek Kozikowski, Janusz Turakiewicz.<\/p>\n<p>W tym okresie Podkomisja:<\/p>\n<p>&#8211; wyda\u0142a 12 numer\u00f3w Biuletynu kolekcjonerskiego,<\/p>\n<p>&#8211; nadawa\u0142a uprawnienia Jurora Zbior\u00f3w Krajoznawczych,<\/p>\n<p>&#8211; zorganizowa\u0142a dwie sesje kolekcjonerskie w Lublinie:<\/p>\n<ul>\n<li>\u201eMiejsce i rola kolekcjonerstwa krajoznawczego w kulturze polskiej\u201d &#8211; 2016 r.<\/li>\n<li>\u201eLublin na dawnej poczt\u00f3wce\u201d &#8211; 2017 r.<\/li>\n<\/ul>\n<p>&#8211; zorganizowa\u0142a wystaw\u0119 \u201eG\u00f3ry w kolekcjonerstwie\u201d podczas sesji \u201e150 rocznica utworzenia Towarzystwa Tatrza\u0144skiego\u201d \u2013 Lublin 2023 r.<\/p>\n<p>&#8211; wspiera\u0142a organizator\u00f3w kolejnych CZAK-\u00f3w w przygotowaniu wystaw kolekcjonerskich, &#8211; publikowa\u0142a artyku\u0142y Wojciecha Kowalskiego dot. kolekcjonerstwa krajoznawczego w wydawnictwach:<\/p>\n<ul>\n<li>\u201eKreatywne poznawanie czyli poradnik nowoczesnego krajoznawcy\u201d (Warszawa 2016) 8<\/li>\n<li>\u201eBiwak\u201d &#8211; Biuletyn nr 7,8,10 Klubu Przodownik\u00f3w T.P. im. Anieli Michalskiej (Warszawa 2019),<\/li>\n<li>\u201eZloty Szkolnych K\u00f3\u0142 Krajoznawczo-Turystycznych Woj. Lubelskiego\u201d (Lublin 2020),<\/li>\n<li>\u201eTurysta\u201d &#8211; czasopismo PTTK nr: 3\/7\/2022 r., 4\/8\/2022 r., 1\/9\/2023 r.<\/li>\n<\/ul>\n<p>&#8211; weryfikowa\u0142a krajoznawcze odznaki kolekcjonerskie,<\/p>\n<p>&#8211; pracowa\u0142a nad modyfikacj\u0105 Regulaminu krajoznawczych odznak kolekcjonerskich,<\/p>\n<p>&#8211; wspiera inicjatywy dzia\u0142alno\u015bci kolekcjonerskiej w terenie.<\/p>\n<p>Z kolekcjonerstwem krajoznawczym w du\u017cej mierze zwi\u0105zany jest W\u0142odzimierz Majdewicz. Jego projekty odznak, oznak, medali, piecz\u0119ci i plakietek o wysokim poziomie artystycznym nawi\u0105zuj\u0105 i utrwalaj\u0105 chlubn\u0105 przesz\u0142o\u015b\u0107 naszej Ojczyzny oraz histori\u0119 Polskiego Towarzystwa Krajoznawczego. Znacz\u0105c\u0105 rol\u0119 w krajoznawstwie odegra\u0142 te\u017c Leszek Bia\u0142kowski. Jest znanym kolekcjonerem pami\u0105tek zwi\u0105zanych z god\u0142em Warszawy &#8211; Syrenk\u0105, a tak\u017ce map i poczt\u00f3wek kartograficznych. Jest autorem wielu graficznych projekt\u00f3w turystyczno-krajoznawczych. Doda\u0107 nale\u017cy, \u017ce z Podkomisj\u0105 stale wsp\u00f3\u0142pracuje Galeria Pami\u0105tek Turystycznych KT \u201eDatajana\u201d w Warszawie. Galeria od wielu lat z sukcesami prowadzi dzia\u0142alno\u015b\u0107 wystawiennicz\u0105 i poprzez upowszechnianie zbior\u00f3w pokazuje krajoznawczy dorobek Towarzystwa. Jej opiekunem jest Marek Kozikowski \u2013 cz\u0142onek Podkomisji. Ponadto w ostatnim okresie du\u017c\u0105 aktywno\u015b\u0107 w zakresie kolekcjonerstwa krajoznawczego wykazuj\u0105 krajoznawcy z Jeleniej G\u00f3ry: Janusz Turakiewicz (cz\u0142onek Podkomisji) i Janusz Milewski, kt\u00f3rzy m.in. organizuj\u0105 interesuj\u0105ce wystawy. Chc\u0119 jeszcze wymieni\u0107 znanego kolekcjonera odznak krajoznawczych i turystyczno\u2013krajoznawczych ustanowionych przez PTTK \u2013 Zbigniewa Lewandowskiego. Swoj\u0105 imponuj\u0105c\u0105 kolekcj\u0119 wielokrotnie prezentowa\u0142 na presti\u017cowych wystawach organizowanych w Towarzystwie. Jest te\u017c autorem wielu publikacji ksi\u0105\u017ckowych dot. w\/w odznak. W promowaniu kolekcjonerstwa krajoznawczego poprzez organizowanie wystaw i pogadanek z du\u017cym sukcesem udziela si\u0119 te\u017c Dariusz D\u0119bski.<\/p>\n<p>Stara\u0142em si\u0119 w du\u017cym skr\u00f3cie pokaza\u0107 histori\u0119 zorganizowanego kolekcjonerstwa krajoznawczego. Okazj\u0105 ku temu jest Jubileusz 45\u2013lecia istnienia Podkomisji Kolekcjonerstwa Krajoznawczego. Mam \u015bwiadomo\u015b\u0107, \u017ce w omawianym okresie dzia\u0142o si\u0119 znacznie wi\u0119cej ale nie zosta\u0142o to udokumentowane. Prawdopodobnie z braku wiedzy pomini\u0119tych jest wiele nazwisk kolekcjoner\u00f3w, kt\u00f3rych zas\u0142ugi powinny by\u0107 pokazane. Mo\u017ce informacje, kt\u00f3re wp\u0142yn\u0105 do Podkomisji b\u0119d\u0105 okazj\u0105 do ich wymienienia w nast\u0119pnych publikacjach.<\/p>\n<p style=\"text-align: right;\"><strong>Wojciech Kowalski<\/strong><\/p>\n\n\n<p><\/p>\n","protected":false},"excerpt":{"rendered":"<p>Kolekcjonerstwo krajoznawcze Historia Podkomisji Kolekcjonerstwa Krajoznawczego Kolekcjonerstwo krajoznawcze wyros\u0142o z chlubnych tradycji Polskiego Towarzystwa Tatrza\u0144skiego i Polskiego Towarzystwa Krajoznawczego. Idea gromadzenia r\u00f3\u017cnych przedmiot\u00f3w zwi\u0105zanych z krajem ojczystym przy\u015bwieca\u0142a prekursorom krajoznawstwa: Tytusowi Cha\u0142ubi\u0144skiemu, Zygmuntowi Glogerowi, Aleksandrowi Janowskiemu, Kazimierzowi Kulwieciowi, Miko\u0142ajowi Wisznickiemu. Naczeln\u0105 dewiz\u0105 \u015bwiat\u0142ych krajoznawc\u00f3w by\u0142o ratowanie pami\u0105tek przesz\u0142o\u015bci, zabezpieczenie zbior\u00f3w od zniszczenia, zapomnienia oraz przekazanie [&hellip;]<\/p>\n","protected":false},"author":1,"featured_media":0,"parent":0,"menu_order":0,"comment_status":"closed","ping_status":"closed","template":"","meta":{"footnotes":""},"class_list":["post-431","page","type-page","status-publish","hentry"],"_links":{"self":[{"href":"https:\/\/kkraj.pttk.pl\/index.php\/wp-json\/wp\/v2\/pages\/431","targetHints":{"allow":["GET"]}}],"collection":[{"href":"https:\/\/kkraj.pttk.pl\/index.php\/wp-json\/wp\/v2\/pages"}],"about":[{"href":"https:\/\/kkraj.pttk.pl\/index.php\/wp-json\/wp\/v2\/types\/page"}],"author":[{"embeddable":true,"href":"https:\/\/kkraj.pttk.pl\/index.php\/wp-json\/wp\/v2\/users\/1"}],"replies":[{"embeddable":true,"href":"https:\/\/kkraj.pttk.pl\/index.php\/wp-json\/wp\/v2\/comments?post=431"}],"version-history":[{"count":9,"href":"https:\/\/kkraj.pttk.pl\/index.php\/wp-json\/wp\/v2\/pages\/431\/revisions"}],"predecessor-version":[{"id":1235,"href":"https:\/\/kkraj.pttk.pl\/index.php\/wp-json\/wp\/v2\/pages\/431\/revisions\/1235"}],"wp:attachment":[{"href":"https:\/\/kkraj.pttk.pl\/index.php\/wp-json\/wp\/v2\/media?parent=431"}],"curies":[{"name":"wp","href":"https:\/\/api.w.org\/{rel}","templated":true}]}}