{"id":423,"date":"2025-01-30T18:34:00","date_gmt":"2025-01-30T17:34:00","guid":{"rendered":"https:\/\/kkraj.pttk.pl\/?page_id=423"},"modified":"2025-02-25T18:50:29","modified_gmt":"2025-02-25T17:50:29","slug":"podkomisja-kolekcjonerska","status":"publish","type":"page","link":"https:\/\/kkraj.pttk.pl\/index.php\/podkomisja-kolekcjonerska\/","title":{"rendered":"Podkomisja Kolekcjonerstwa Krajoznawczego"},"content":{"rendered":"\n<p class=\"has-text-align-center\"><strong>Podkomisja Kolekcjonerstwa Krajoznawczego<\/strong><\/p>\n\n\n\n<ol class=\"wp-block-list\" id=\"block-815c8f35-0419-44b6-aae7-4705a0e24b83\"><li><strong>Wojciech Kowalski \u2013 Przewodnicz\u0105cy<\/strong><\/li><li>Jacek Treichel &#8211; Wiceprzewodnicz\u0105cy<\/li><li>Marek Kozikowski<\/li><li>Bogumi\u0142 R.Korzeniewski<\/li><li>Janusz Turakiewicz<\/li><\/ol>\n\n\n<p style=\"text-align: center;\"><strong>Ponadto Podkomisj\u0119 wspieraj\u0105 i wsp\u00f3\u0142pracuj\u0105 znani w \u015brodowisku Kolekcjonerzy Krajoznawcy<\/strong><\/p>\n<ol>\n<li>Dariusz D\u0119bski &#8211; Gdynia<\/li>\n<li>Stanis\u0142aw G\u0119bski &#8211; Gda\u0144sk<\/li>\n<li>Piotr Lewandowski &#8211; Zielona G\u00f3ra<\/li>\n<li>Janusz Motyka &#8211; Nowa Sarzyna<\/li>\n<li>Jacek Ramus &#8211; Dobrze\u0144 Wielki<\/li>\n<li>Ryszard Zwierzyna &#8211; Lubawka<\/li>\n<\/ol>\n<div class=\"block-list-appender wp-block\" tabindex=\"-1\">\u00a0<\/div>","protected":false},"excerpt":{"rendered":"<p>Podkomisja Kolekcjonerstwa Krajoznawczego Wojciech Kowalski \u2013 Przewodnicz\u0105cy Jacek Treichel &#8211; Wiceprzewodnicz\u0105cy Marek Kozikowski Bogumi\u0142 R.Korzeniewski Janusz Turakiewicz Ponadto Podkomisj\u0119 wspieraj\u0105 i wsp\u00f3\u0142pracuj\u0105 znani w \u015brodowisku Kolekcjonerzy Krajoznawcy Dariusz D\u0119bski &#8211; Gdynia Stanis\u0142aw G\u0119bski &#8211; Gda\u0144sk Piotr Lewandowski &#8211; Zielona G\u00f3ra Janusz Motyka &#8211; Nowa Sarzyna Jacek Ramus &#8211; Dobrze\u0144 Wielki Ryszard Zwierzyna &#8211; Lubawka \u00a0<\/p>\n","protected":false},"author":1,"featured_media":0,"parent":0,"menu_order":0,"comment_status":"closed","ping_status":"closed","template":"","meta":{"footnotes":""},"class_list":["post-423","page","type-page","status-publish","hentry"],"_links":{"self":[{"href":"https:\/\/kkraj.pttk.pl\/index.php\/wp-json\/wp\/v2\/pages\/423","targetHints":{"allow":["GET"]}}],"collection":[{"href":"https:\/\/kkraj.pttk.pl\/index.php\/wp-json\/wp\/v2\/pages"}],"about":[{"href":"https:\/\/kkraj.pttk.pl\/index.php\/wp-json\/wp\/v2\/types\/page"}],"author":[{"embeddable":true,"href":"https:\/\/kkraj.pttk.pl\/index.php\/wp-json\/wp\/v2\/users\/1"}],"replies":[{"embeddable":true,"href":"https:\/\/kkraj.pttk.pl\/index.php\/wp-json\/wp\/v2\/comments?post=423"}],"version-history":[{"count":8,"href":"https:\/\/kkraj.pttk.pl\/index.php\/wp-json\/wp\/v2\/pages\/423\/revisions"}],"predecessor-version":[{"id":1253,"href":"https:\/\/kkraj.pttk.pl\/index.php\/wp-json\/wp\/v2\/pages\/423\/revisions\/1253"}],"wp:attachment":[{"href":"https:\/\/kkraj.pttk.pl\/index.php\/wp-json\/wp\/v2\/media?parent=423"}],"curies":[{"name":"wp","href":"https:\/\/api.w.org\/{rel}","templated":true}]}}