{"id":2175,"date":"2026-03-02T07:37:19","date_gmt":"2026-03-02T06:37:19","guid":{"rendered":"https:\/\/kkraj.pttk.pl\/?page_id=2175"},"modified":"2026-03-02T13:50:03","modified_gmt":"2026-03-02T12:50:03","slug":"aplikacja-okp","status":"publish","type":"page","link":"https:\/\/kkraj.pttk.pl\/index.php\/aplikacja-okp\/","title":{"rendered":"Aplikacja OKP"},"content":{"rendered":"<p style=\"text-align: center;\">Wszelkie zapytania i uwagi dotycz\u0105ce dzia\u0142ania aplikacji Odznaki Krajoznawczej Polski prosimy kierowa\u0107 <strong>wy\u0142\u0105cznie<\/strong> do:<\/p>\n<div style=\"text-align: center;\"><strong>Oddzia\u0142 PTTK Mazowsze w Warszawie<\/strong><\/div>\n<div style=\"text-align: center;\"><a href=\"https:\/\/poczta.onet.pl\/NowaWiadomosc\/_subtype\/Do\/_encryptedEmails\/QlAkBFFKEBx2dgsdBXJ2cQQBfChCchE2Egk%2FZgEXARAfQkFWQwEGF1QnVkFWAwsCBAFWVkQTB3QWAFQeBQJeEBQcREZMVB4yPlZPRUk2ajZQPwFJME99QVZ%2FdHcAEWd7UDc%3D\" target=\"_blank\" rel=\"noopener\">mazowsze@mazowsze.pttk.pl<\/a><\/div>\n<div style=\"text-align: center;\">\u00a0<\/div>\n\n\n<p><\/p>\n","protected":false},"excerpt":{"rendered":"<p>Wszelkie zapytania i uwagi dotycz\u0105ce dzia\u0142ania aplikacji Odznaki Krajoznawczej Polski prosimy kierowa\u0107 wy\u0142\u0105cznie do: Oddzia\u0142 PTTK Mazowsze w Warszawie mazowsze@mazowsze.pttk.pl \u00a0<\/p>\n","protected":false},"author":1,"featured_media":0,"parent":0,"menu_order":0,"comment_status":"closed","ping_status":"closed","template":"","meta":{"footnotes":""},"class_list":["post-2175","page","type-page","status-publish","hentry"],"_links":{"self":[{"href":"https:\/\/kkraj.pttk.pl\/index.php\/wp-json\/wp\/v2\/pages\/2175","targetHints":{"allow":["GET"]}}],"collection":[{"href":"https:\/\/kkraj.pttk.pl\/index.php\/wp-json\/wp\/v2\/pages"}],"about":[{"href":"https:\/\/kkraj.pttk.pl\/index.php\/wp-json\/wp\/v2\/types\/page"}],"author":[{"embeddable":true,"href":"https:\/\/kkraj.pttk.pl\/index.php\/wp-json\/wp\/v2\/users\/1"}],"replies":[{"embeddable":true,"href":"https:\/\/kkraj.pttk.pl\/index.php\/wp-json\/wp\/v2\/comments?post=2175"}],"version-history":[{"count":3,"href":"https:\/\/kkraj.pttk.pl\/index.php\/wp-json\/wp\/v2\/pages\/2175\/revisions"}],"predecessor-version":[{"id":2179,"href":"https:\/\/kkraj.pttk.pl\/index.php\/wp-json\/wp\/v2\/pages\/2175\/revisions\/2179"}],"wp:attachment":[{"href":"https:\/\/kkraj.pttk.pl\/index.php\/wp-json\/wp\/v2\/media?parent=2175"}],"curies":[{"name":"wp","href":"https:\/\/api.w.org\/{rel}","templated":true}]}}