{"id":2113,"date":"2026-01-26T09:56:44","date_gmt":"2026-01-26T08:56:44","guid":{"rendered":"https:\/\/kkraj.pttk.pl\/?page_id=2113"},"modified":"2026-01-26T12:55:03","modified_gmt":"2026-01-26T11:55:03","slug":"120-lat-ptk","status":"publish","type":"page","link":"https:\/\/kkraj.pttk.pl\/index.php\/120-lat-ptk\/","title":{"rendered":"120 lat PTK"},"content":{"rendered":"<p style=\"text-align: center;\"><strong>Regulamin Odznaki Jubileuszowej <\/strong><\/p>\n<p style=\"text-align: center;\"><strong>120 lat Polskiego Towarzystwa Krajoznawczego\u201d <\/strong><\/p>\n<p style=\"text-align: center;\"><strong>\u00a7 1 <\/strong><\/p>\n<p>W zwi\u0105zku z przypadaj\u0105c\u0105 w 2026 r. sto dwudziest\u0105 rocznic\u0105 powstania Polskiego Towarzystwa Krajoznawczego, Prezydium Zarz\u0105du G\u0142\u00f3wnego Polskiego Towarzystwa Turystyczno-Krajoznawczego na wniosek Komisji Krajoznawczej ZG PTTK ustanawia Odznak\u0119 Jubileuszow\u0105 \u201e120 lat Polskiego Towarzystwa Krajoznawczego\u201d, zwan\u0105 dalej \u201eOdznak\u0105\u201d.<\/p>\n<p style=\"text-align: center;\"><strong>\u00a7 2 <\/strong><\/p>\n<p>1. Odznak\u0119 mog\u0105 zdobywa\u0107 wszyscy tury\u015bci.<\/p>\n<p>2. Odznaka jest jednostopniowa i mo\u017ce by\u0107 zdobywana wy\u0142\u0105cznie na obszarze Rzeczypospolitej Polskiej.<\/p>\n<p>3. Odznak\u0119 przyznaje si\u0119 za spe\u0142nienie w okresie od 1 stycznia do 31 grudnia 2026 r. wymog\u00f3w regulaminowych pozwalaj\u0105cych na uzyskanie dowolnego stopnia dowolnej odznaki krajoznawczej ustanowionej przez PTTK i jego jednostki terenowe.<\/p>\n<p>4. Odznak\u0119 przyznaje si\u0119 r\u00f3wnie\u017c za udzia\u0142 w imprezach centralnych organizowanych na zlecenie Komisji Krajoznawczej Zarz\u0105du G\u0142\u00f3wnego PTTK.<\/p>\n<p>5. Odznak\u0119 mo\u017cna zdobywa\u0107 jednocze\u015bnie ze zdobywaniem innych odznak turystyczno-krajoznawczych.<\/p>\n<p style=\"text-align: center;\"><strong>\u00a7 3<\/strong><\/p>\n<p>1. Odznak\u0119 przyznaj\u0105 referaty weryfikacyjne posiadaj\u0105ce uprawnienia do weryfikacji odznak krajoznawczych.<\/p>\n<p>2. Komisja Krajoznawcza ZG PTTK mo\u017ce nada\u0107 odznak\u0119 bez konieczno\u015bci spe\u0142nienia wymog\u00f3w jej zdobycia.<\/p>\n<p>3. Dystrybucj\u0119 odznaki prowadzi Oddzia\u0142 PTTK w Jaworznie.<\/p>\n<p style=\"text-align: center;\"><strong>\u00a7 4 <\/strong><\/p>\n<p>1. Ostateczna interpretacja niniejszego regulaminu nale\u017cy do Komisji Krajoznawczej Zarz\u0105du G\u0142\u00f3wnego PTTK.<\/p>\n<p>2. Wz\u00f3r odznaki stanowi za\u0142\u0105cznik do regulaminu.<\/p>\n<p>3. Autorem wzoru odznaki jest Maciej Berny.<\/p>\n<p>4. Regulamin zosta\u0142 zatwierdzony przez Prezydium ZG PTTK uchwa\u0142\u0105 nr 130\/XX\/2026 z dnia 9 stycznia 2026 r. i wchodzi w \u017cycie z dniem jej podj\u0119cia, z moc\u0105 obowi\u0105zuj\u0105c\u0105 od dnia 1 stycznia 2026 r.<\/p>\n\n<div class=\"wp-block-image\">\n<figure class=\"aligncenter size-full\"><img loading=\"lazy\" decoding=\"async\" width=\"537\" height=\"537\" src=\"https:\/\/kkraj.pttk.pl\/wp-content\/uploads\/2026\/01\/Polskie-Towarzystwo-Krajoznawcze-_120-lat.png\" alt=\"\" class=\"wp-image-2125\" srcset=\"https:\/\/kkraj.pttk.pl\/wp-content\/uploads\/2026\/01\/Polskie-Towarzystwo-Krajoznawcze-_120-lat.png 537w, https:\/\/kkraj.pttk.pl\/wp-content\/uploads\/2026\/01\/Polskie-Towarzystwo-Krajoznawcze-_120-lat-300x300.png 300w, https:\/\/kkraj.pttk.pl\/wp-content\/uploads\/2026\/01\/Polskie-Towarzystwo-Krajoznawcze-_120-lat-150x150.png 150w\" sizes=\"auto, (max-width: 537px) 100vw, 537px\" \/><\/figure>\n<\/div>","protected":false},"excerpt":{"rendered":"<p>Regulamin Odznaki Jubileuszowej 120 lat Polskiego Towarzystwa Krajoznawczego\u201d \u00a7 1 W zwi\u0105zku z przypadaj\u0105c\u0105 w 2026 r. sto dwudziest\u0105 rocznic\u0105 powstania Polskiego Towarzystwa Krajoznawczego, Prezydium Zarz\u0105du G\u0142\u00f3wnego Polskiego Towarzystwa Turystyczno-Krajoznawczego na wniosek Komisji Krajoznawczej ZG PTTK ustanawia Odznak\u0119 Jubileuszow\u0105 \u201e120 lat Polskiego Towarzystwa Krajoznawczego\u201d, zwan\u0105 dalej \u201eOdznak\u0105\u201d. \u00a7 2 1. Odznak\u0119 mog\u0105 zdobywa\u0107 wszyscy tury\u015bci. [&hellip;]<\/p>\n","protected":false},"author":1,"featured_media":0,"parent":0,"menu_order":0,"comment_status":"closed","ping_status":"closed","template":"","meta":{"footnotes":""},"class_list":["post-2113","page","type-page","status-publish","hentry"],"_links":{"self":[{"href":"https:\/\/kkraj.pttk.pl\/index.php\/wp-json\/wp\/v2\/pages\/2113","targetHints":{"allow":["GET"]}}],"collection":[{"href":"https:\/\/kkraj.pttk.pl\/index.php\/wp-json\/wp\/v2\/pages"}],"about":[{"href":"https:\/\/kkraj.pttk.pl\/index.php\/wp-json\/wp\/v2\/types\/page"}],"author":[{"embeddable":true,"href":"https:\/\/kkraj.pttk.pl\/index.php\/wp-json\/wp\/v2\/users\/1"}],"replies":[{"embeddable":true,"href":"https:\/\/kkraj.pttk.pl\/index.php\/wp-json\/wp\/v2\/comments?post=2113"}],"version-history":[{"count":4,"href":"https:\/\/kkraj.pttk.pl\/index.php\/wp-json\/wp\/v2\/pages\/2113\/revisions"}],"predecessor-version":[{"id":2133,"href":"https:\/\/kkraj.pttk.pl\/index.php\/wp-json\/wp\/v2\/pages\/2113\/revisions\/2133"}],"wp:attachment":[{"href":"https:\/\/kkraj.pttk.pl\/index.php\/wp-json\/wp\/v2\/media?parent=2113"}],"curies":[{"name":"wp","href":"https:\/\/api.w.org\/{rel}","templated":true}]}}