{"id":2110,"date":"2026-01-26T09:51:37","date_gmt":"2026-01-26T08:51:37","guid":{"rendered":"https:\/\/kkraj.pttk.pl\/?page_id=2110"},"modified":"2026-01-26T10:59:44","modified_gmt":"2026-01-26T09:59:44","slug":"50-lat-odznaki-krajoznawczej","status":"publish","type":"page","link":"https:\/\/kkraj.pttk.pl\/index.php\/50-lat-odznaki-krajoznawczej\/","title":{"rendered":"50 lat Odznaki Krajoznawczej"},"content":{"rendered":"<p style=\"text-align: center;\"><strong>Regulamin\u00a0 Odznaki Jubileuszowej<\/strong><br \/><strong>50 lat Odznaki Krajoznawczej PTTK<\/strong><\/p>\n<p style=\"text-align: center;\"><strong>\u00a7 1<\/strong><\/p>\n<p style=\"text-align: left;\">W zwi\u0105zku z przypadaj\u0105c\u0105 w 2025 roku pi\u0119\u0107dziesi\u0105t\u0105 rocznic\u0105 ustanowienia Odznaki Krajoznawczej PTTK oraz jubileuszami 70-lecia dzia\u0142alno\u015bci Komisji Krajoznawczej ZG PTTK i 45-lecia Podkomisji Kolekcjonerstwa Krajoznawczego (2024 r.) oraz 120-lecia za\u0142o\u017cenia Polskiego Towarzystwa Krajoznawczego (2026 r.) Prezydium Zarz\u0105du G\u0142\u00f3wnego PTTK ustanawia na wniosek Komisji Krajoznawczej ZG PTTK Odznak\u0119 Jubileuszow\u0105 \u201e50 lat Odznaki Krajoznawczej PTTK\u201d.<\/p>\n<p style=\"text-align: center;\"><strong>\u00a7 2<\/strong><\/p>\n<p style=\"text-align: left;\">Odznaka jest jednostopniowa i mo\u017cna j\u0105 zdobywa\u0107 w okresie od 1 stycznia 2025 r. do 31 grudnia 2026 r.<\/p>\n<p style=\"text-align: center;\"><strong>\u00a7 3<\/strong><\/p>\n<p>Warunkiem zdobycia odznaki jest<br \/>a) spe\u0142nienie wymog\u00f3w zdobycia dowolnej odznaki krajoznawczej PTTK.<br \/>lub<br \/>b) zwiedzenie 15 obiekt\u00f3w spo\u015br\u00f3d wymienionych w<strong>\u00a0za\u0142\u0105czniku<\/strong>\u00a0do\u00a0<strong>regulaminu Odznaki Krajoznawczej Polski PTTK<\/strong>.<\/p>\n<p style=\"text-align: center;\"><strong>\u00a7 4<\/strong>\u00a0<\/p>\n<p>Odznak\u0119 weryfikuj\u0105 i przyznaj\u0105 wszystkie Zespo\u0142y Weryfikacyjne Odznaki Krajoznawczej PTTK.<\/p>\n<p style=\"text-align: center;\"><strong>\u00a7 5<\/strong><\/p>\n<p style=\"text-align: center;\">Dystrybucj\u0119 odznaki prowadzi Oddzia\u0142 Regionalny \u015al\u0105ska Opolskiego PTTK w Opolu (ul. N. Barlickiego 2A, 45-083 Opole; e-mail: <strong>poczta@orso.pttk.pl<\/strong>, tel.: 604-238-085).<br \/><strong>\u00a7 6<\/strong>\u00a0<\/p>\n<p style=\"text-align: left;\">Ostateczna interpretacja Regulaminu Odznaki Jubileuszowej \u201e50 lat Odznaki Krajoznawczej PTTK\u201d przys\u0142uguje Komisji Krajoznawczej ZG PTTK.<\/p>\n<p style=\"text-align: center;\"><strong>\u00a7 7<\/strong><\/p>\n<p style=\"text-align: left;\">\u00a0Wz\u00f3r odznaki stanowi za\u0142\u0105cznik do Regulaminu.<\/p>\n<p style=\"text-align: center;\"><strong>\u00a7 8<\/strong><\/p>\n<p style=\"text-align: left;\">\u00a0Autorami regulaminu s\u0105 Maciej Berny i Szymon Bijak, a znaku graficznego \u2013 W\u0142odzimierz Majdewicz i Szymon Bijak.<\/p>\n<p style=\"text-align: center;\"><strong>\u00a7 9<\/strong><\/p>\n<p style=\"text-align: left;\">Regulamin zosta\u0142 zatwierdzony przez Prezydium ZG PTTK uchwa\u0142\u0105 nr 64\/XX\/2024 z dnia 30 wrze\u015bnia 2024 r. i wchodzi w \u017cycie z dniem 1 stycznia 2025 r.<\/p>\n\n<div class=\"wp-block-image\">\n<figure class=\"aligncenter size-large is-resized\"><img loading=\"lazy\" decoding=\"async\" width=\"1024\" height=\"749\" src=\"https:\/\/kkraj.pttk.pl\/wp-content\/uploads\/2025\/02\/KRAJOZNAWCZA_50-1024x749.png\" alt=\"\" class=\"wp-image-847\" style=\"aspect-ratio:1.367173592391028;width:326px;height:auto\" srcset=\"https:\/\/kkraj.pttk.pl\/wp-content\/uploads\/2025\/02\/KRAJOZNAWCZA_50-1024x749.png 1024w, https:\/\/kkraj.pttk.pl\/wp-content\/uploads\/2025\/02\/KRAJOZNAWCZA_50-300x219.png 300w, https:\/\/kkraj.pttk.pl\/wp-content\/uploads\/2025\/02\/KRAJOZNAWCZA_50-768x562.png 768w, https:\/\/kkraj.pttk.pl\/wp-content\/uploads\/2025\/02\/KRAJOZNAWCZA_50.png 1500w\" sizes=\"auto, (max-width: 1024px) 100vw, 1024px\" \/><\/figure>\n<\/div>","protected":false},"excerpt":{"rendered":"<p>Regulamin\u00a0 Odznaki Jubileuszowej50 lat Odznaki Krajoznawczej PTTK \u00a7 1 W zwi\u0105zku z przypadaj\u0105c\u0105 w 2025 roku pi\u0119\u0107dziesi\u0105t\u0105 rocznic\u0105 ustanowienia Odznaki Krajoznawczej PTTK oraz jubileuszami 70-lecia dzia\u0142alno\u015bci Komisji Krajoznawczej ZG PTTK i 45-lecia Podkomisji Kolekcjonerstwa Krajoznawczego (2024 r.) oraz 120-lecia za\u0142o\u017cenia Polskiego Towarzystwa Krajoznawczego (2026 r.) Prezydium Zarz\u0105du G\u0142\u00f3wnego PTTK ustanawia na wniosek Komisji Krajoznawczej ZG [&hellip;]<\/p>\n","protected":false},"author":1,"featured_media":0,"parent":0,"menu_order":0,"comment_status":"closed","ping_status":"closed","template":"","meta":{"footnotes":""},"class_list":["post-2110","page","type-page","status-publish","hentry"],"_links":{"self":[{"href":"https:\/\/kkraj.pttk.pl\/index.php\/wp-json\/wp\/v2\/pages\/2110","targetHints":{"allow":["GET"]}}],"collection":[{"href":"https:\/\/kkraj.pttk.pl\/index.php\/wp-json\/wp\/v2\/pages"}],"about":[{"href":"https:\/\/kkraj.pttk.pl\/index.php\/wp-json\/wp\/v2\/types\/page"}],"author":[{"embeddable":true,"href":"https:\/\/kkraj.pttk.pl\/index.php\/wp-json\/wp\/v2\/users\/1"}],"replies":[{"embeddable":true,"href":"https:\/\/kkraj.pttk.pl\/index.php\/wp-json\/wp\/v2\/comments?post=2110"}],"version-history":[{"count":3,"href":"https:\/\/kkraj.pttk.pl\/index.php\/wp-json\/wp\/v2\/pages\/2110\/revisions"}],"predecessor-version":[{"id":2124,"href":"https:\/\/kkraj.pttk.pl\/index.php\/wp-json\/wp\/v2\/pages\/2110\/revisions\/2124"}],"wp:attachment":[{"href":"https:\/\/kkraj.pttk.pl\/index.php\/wp-json\/wp\/v2\/media?parent=2110"}],"curies":[{"name":"wp","href":"https:\/\/api.w.org\/{rel}","templated":true}]}}