{"id":2027,"date":"2025-11-20T13:50:05","date_gmt":"2025-11-20T12:50:05","guid":{"rendered":"https:\/\/kkraj.pttk.pl\/?page_id=2027"},"modified":"2026-04-09T14:50:42","modified_gmt":"2026-04-09T12:50:42","slug":"zasluzony-kolekcjoner-krajoznawca","status":"publish","type":"page","link":"https:\/\/kkraj.pttk.pl\/index.php\/zasluzony-kolekcjoner-krajoznawca\/","title":{"rendered":"Zas\u0142u\u017cony Kolekcjoner Krajoznawca"},"content":{"rendered":"<p style=\"text-align: center;\"><strong>Regulamin oraz zasady nadawania<\/strong><\/p>\n<p style=\"text-align: center;\"><strong>Odznaki Honorowej \u201eZas\u0142u\u017cony Kolekcjoner Krajoznawca\u201d<\/strong><\/p>\n<ol>\n<li>Odznaka Honorowa \u201eZas\u0142u\u017cony Kolekcjoner Krajoznawca\u201d, zwana dalej Odznak\u0105, jest wyr\u00f3\u017cnieniem nadawanym za dzia\u0142alno\u015b\u0107 i zas\u0142ugi w upowszechnianiu idei kolekcjonerstwa krajoznawczego.<\/li>\n<li>Odznak\u0119 nadaje Komisja Krajoznawcza ZG PTTK z w\u0142asnej inicjatywy lub na pisemny wniosek:<\/li>\n<li>Podkomisji Kolekcjonerstwa Krajoznawczego,<\/li>\n<li>Regionalnego Kolegium Instruktor\u00f3w Krajoznawstwa,<\/li>\n<li>Komisji Krajoznawczej oddzia\u0142u PTTK<\/li>\n<li>Odznaka mo\u017ce by\u0107 nadawana osobie, kt\u00f3ra wyr\u00f3\u017cnia si\u0119 w dzia\u0142alno\u015bci na rzecz upowszechniania idei kolekcjonerstwa krajoznawczego w okresie nie kr\u00f3tszym ni\u017c 10 lat, w szczeg\u00f3lno\u015bci poprzez:<\/li>\n<li>organizacj\u0119 imprez kolekcjonerskich (np. wystawy, pokazy sesje),<\/li>\n<li>wyg\u0142aszanie prelekcji\/wyk\u0142ad\u00f3w\u00a0o tematyce kolekcjonerskiej,<\/li>\n<li>publikacje z zakresu kolekcjonerstwa krajoznawczego<\/li>\n<li>Odznak\u0105 mo\u017cna by\u0107 wyr\u00f3\u017cnionym tylko jednokrotnie.<\/li>\n<li>Odznak\u0119 wraz z dyplomem wr\u0119cza przewodnicz\u0105cy Komisji Krajoznawczej ZG PTTK lub przewodnicz\u0105cy Podkomisji Kolekcjonerstwa Krajoznawczego, ewentualnie upowa\u017cniony cz\u0142onek jednego z tych gremi\u00f3w, podczas regionalnych lub og\u00f3lnopolskich imprez krajoznawczych.<\/li>\n<li>Ewidencj\u0119 przyznanych odznak prowadzi Podkomisja Kolekcjonerstwa Krajoznawczego.<\/li>\n<li>Wz\u00f3r graficzny Odznaki stanowi za\u0142\u0105cznik nr 1 do niniejszego regulaminu.<\/li>\n<li>Wz\u00f3r wniosku o nadanie Odznaki stanowi za\u0142\u0105cznik nr 2 do niniejszego regulaminu.<\/li>\n<li>Niniejszy regulamin zosta\u0142 uchwalony przez Komisj\u0119 Krajoznawcz\u0105 ZG PTTK na wniosek Podkomisji Kolekcjonerstwa Krajoznawczego uchwa\u0142\u0105 nr 38\/XX z dnia 7 czerwca 2025 r. Regulamin wchodzi w \u017cycie z dniem 1 sierpnia 2025 r.<\/li>\n<\/ol>\n\n\n<div class=\"wp-block-file\"><a id=\"wp-block-file--media-278528ef-2d3c-4966-878d-37c51d998155\" href=\"https:\/\/kkraj.pttk.pl\/wp-content\/uploads\/2025\/12\/wzor-gfraficzny-odznaki.doc\">wz\u00f3r graficzny odznaki<\/a><a href=\"https:\/\/kkraj.pttk.pl\/wp-content\/uploads\/2025\/12\/wzor-gfraficzny-odznaki.doc\" class=\"wp-block-file__button wp-element-button\" download aria-describedby=\"wp-block-file--media-278528ef-2d3c-4966-878d-37c51d998155\">Pobierz<\/a><\/div>\n\n\n\n<div class=\"wp-block-file\"><a id=\"wp-block-file--media-9d0a8f92-a4a9-4162-a118-57e1acf6c8c6\" href=\"https:\/\/kkraj.pttk.pl\/wp-content\/uploads\/2025\/12\/wniosek-o-nadanie-odznaki.doc\">wniosek o nadanie odznaki<\/a><a href=\"https:\/\/kkraj.pttk.pl\/wp-content\/uploads\/2025\/12\/wniosek-o-nadanie-odznaki.doc\" class=\"wp-block-file__button wp-element-button\" download aria-describedby=\"wp-block-file--media-9d0a8f92-a4a9-4162-a118-57e1acf6c8c6\">Pobierz<\/a><\/div>\n\n\n\n<p><\/p>\n","protected":false},"excerpt":{"rendered":"<p>Regulamin oraz zasady nadawania Odznaki Honorowej \u201eZas\u0142u\u017cony Kolekcjoner Krajoznawca\u201d Odznaka Honorowa \u201eZas\u0142u\u017cony Kolekcjoner Krajoznawca\u201d, zwana dalej Odznak\u0105, jest wyr\u00f3\u017cnieniem nadawanym za dzia\u0142alno\u015b\u0107 i zas\u0142ugi w upowszechnianiu idei kolekcjonerstwa krajoznawczego. Odznak\u0119 nadaje Komisja Krajoznawcza ZG PTTK z w\u0142asnej inicjatywy lub na pisemny wniosek: Podkomisji Kolekcjonerstwa Krajoznawczego, Regionalnego Kolegium Instruktor\u00f3w Krajoznawstwa, Komisji Krajoznawczej oddzia\u0142u PTTK Odznaka mo\u017ce [&hellip;]<\/p>\n","protected":false},"author":1,"featured_media":0,"parent":0,"menu_order":0,"comment_status":"closed","ping_status":"closed","template":"","meta":{"footnotes":""},"class_list":["post-2027","page","type-page","status-publish","hentry"],"_links":{"self":[{"href":"https:\/\/kkraj.pttk.pl\/index.php\/wp-json\/wp\/v2\/pages\/2027","targetHints":{"allow":["GET"]}}],"collection":[{"href":"https:\/\/kkraj.pttk.pl\/index.php\/wp-json\/wp\/v2\/pages"}],"about":[{"href":"https:\/\/kkraj.pttk.pl\/index.php\/wp-json\/wp\/v2\/types\/page"}],"author":[{"embeddable":true,"href":"https:\/\/kkraj.pttk.pl\/index.php\/wp-json\/wp\/v2\/users\/1"}],"replies":[{"embeddable":true,"href":"https:\/\/kkraj.pttk.pl\/index.php\/wp-json\/wp\/v2\/comments?post=2027"}],"version-history":[{"count":4,"href":"https:\/\/kkraj.pttk.pl\/index.php\/wp-json\/wp\/v2\/pages\/2027\/revisions"}],"predecessor-version":[{"id":2206,"href":"https:\/\/kkraj.pttk.pl\/index.php\/wp-json\/wp\/v2\/pages\/2027\/revisions\/2206"}],"wp:attachment":[{"href":"https:\/\/kkraj.pttk.pl\/index.php\/wp-json\/wp\/v2\/media?parent=2027"}],"curies":[{"name":"wp","href":"https:\/\/api.w.org\/{rel}","templated":true}]}}