{"id":2021,"date":"2025-11-20T13:47:48","date_gmt":"2025-11-20T12:47:48","guid":{"rendered":"https:\/\/kkraj.pttk.pl\/?page_id=2021"},"modified":"2025-12-15T11:59:02","modified_gmt":"2025-12-15T10:59:02","slug":"dyplom-komisji-krajoznawczej-zg-pttk","status":"publish","type":"page","link":"https:\/\/kkraj.pttk.pl\/index.php\/dyplom-komisji-krajoznawczej-zg-pttk\/","title":{"rendered":"Dyplom Komisji Krajoznawczej ZG PTTK"},"content":{"rendered":"<p style=\"text-align: center;\"><strong>Regulamin i zasady nadawania<\/strong><\/p>\n<p style=\"text-align: center;\"><strong>Dyplomu Komisji Krajoznawczej ZG PTTK<\/strong><\/p>\n<ol>\n<li>Dyplom Komisji Krajoznawczej ZG PTTK, zwany dalej \u201eDyplomem\u201d, jest wyr\u00f3\u017cnieniem nadawanym za zas\u0142ugi w upowszechnianiu idei krajoznawstwa oraz za dzia\u0142alno\u015b\u0107 zwi\u0105zan\u0105 z poznawaniem poszczeg\u00f3lnych region\u00f3w oraz ca\u0142ego kraju.<\/li>\n<li>Dyplom nadaje Komisja Krajoznawcza ZG PTTK z w\u0142asnej inicjatywy albo na pisemny wniosek:<\/li>\n<li>a) Regionalnego Kolegium Instruktor\u00f3w Krajoznawstwa,<\/li>\n<li>b) Regionalnej Pracowni Krajoznawczej,<\/li>\n<li>c) Regionalnej Komisji Krajoznawczej,<\/li>\n<li>d) Zarz\u0105du Oddzia\u0142u PTTK,<\/li>\n<li>e) komisji krajoznawczej oddzia\u0142u PTTK,<\/li>\n<li>f) zarz\u0105du ko\u0142a\/klubu krajoznawczego PTTK.<\/li>\n<li>Dyplom mo\u017ce zosta\u0107 nadany osobie, kt\u00f3ra wyr\u00f3\u017cnia si\u0119 w dzia\u0142alno\u015bci spo\u0142ecznej na rzecz upowszechniania idei krajoznawstwa w okresie co najmniej 5 lat, w szczeg\u00f3lno\u015bci poprzez:<\/li>\n<li>a) organizacj\u0119 imprez krajoznawczych (seminari\u00f3w, sesji, zlot\u00f3w itp.),<\/li>\n<li>b) popularyzacj\u0119 Odznaki Krajoznawczej PTTK i regionalnych odznak krajoznawczych,<\/li>\n<li>c) dzia\u0142alno\u015b\u0107 w zespole weryfikacyjnym odznak krajoznawczych,<\/li>\n<li>d) dzia\u0142alno\u015b\u0107 w ramach regionalnych lub og\u00f3lnopolskich struktur krajoznawczych (komisje, kolegia instruktor\u00f3w),<\/li>\n<li>e) wyg\u0142aszanie prelekcji, prezentacji, wyk\u0142ad\u00f3w o tematyce krajoznawczej,<\/li>\n<li>f) publicystyk\u0119 krajoznawcz\u0105,<\/li>\n<li>g) dzia\u0142alno\u015b\u0107 w ramach regionalnych pracowni krajoznawczych PTTK.<\/li>\n<li>Dyplomem mo\u017cna by\u0107 wyr\u00f3\u017cnionym tylko jednokrotnie.<\/li>\n<li>Dyplom wr\u0119cza przewodnicz\u0105cy lub upowa\u017cniony cz\u0142onek Komisji Krajoznawczej ZG PTTK. Wr\u0119czenia Dyplomu nale\u017cy dokonywa\u0107 w uroczysty spos\u00f3b, np. podczas regionalnych czy og\u00f3lnopolskich imprez krajoznawczych.<\/li>\n<li>Ewidencj\u0119 przyznanych Dyplom\u00f3w prowadzi Komisja Krajoznawcza ZG PTTK.<\/li>\n<li>Wz\u00f3r graficzny Dyplomu stanowi za\u0142\u0105cznik nr 1 do niniejszego regulaminu.<\/li>\n<li>Wz\u00f3r wniosku o nadanie Dyplomu stanowi za\u0142\u0105cznik nr 2 do niniejszego regulaminu.<\/li>\n<li>Niniejszy regulamin zosta\u0142 uchwalony przez Komisj\u0119 Krajoznawcz\u0105 ZG PTTK uchwa\u0142\u0105 nr \u2026.. z dnia 19 listopada 2022 r. i wchodzi w \u017cycie z dniem 1 stycznia 2023 r.<\/li>\n<\/ol>\n\n\n<div class=\"wp-block-file\"><a id=\"wp-block-file--media-3f8408c0-89ab-40a6-aab3-ac27e2d10183\" href=\"https:\/\/kkraj.pttk.pl\/wp-content\/uploads\/2025\/12\/Dyplom-KKraj-wniosek.doc\">Dyplom KKraj &#8211; wniosek<\/a><a href=\"https:\/\/kkraj.pttk.pl\/wp-content\/uploads\/2025\/12\/Dyplom-KKraj-wniosek.doc\" class=\"wp-block-file__button wp-element-button\" download aria-describedby=\"wp-block-file--media-3f8408c0-89ab-40a6-aab3-ac27e2d10183\">Pobierz<\/a><\/div>\n","protected":false},"excerpt":{"rendered":"<p>Regulamin i zasady nadawania Dyplomu Komisji Krajoznawczej ZG PTTK Dyplom Komisji Krajoznawczej ZG PTTK, zwany dalej \u201eDyplomem\u201d, jest wyr\u00f3\u017cnieniem nadawanym za zas\u0142ugi w upowszechnianiu idei krajoznawstwa oraz za dzia\u0142alno\u015b\u0107 zwi\u0105zan\u0105 z poznawaniem poszczeg\u00f3lnych region\u00f3w oraz ca\u0142ego kraju. Dyplom nadaje Komisja Krajoznawcza ZG PTTK z w\u0142asnej inicjatywy albo na pisemny wniosek: a) Regionalnego Kolegium Instruktor\u00f3w Krajoznawstwa, [&hellip;]<\/p>\n","protected":false},"author":1,"featured_media":0,"parent":0,"menu_order":0,"comment_status":"closed","ping_status":"closed","template":"","meta":{"footnotes":""},"class_list":["post-2021","page","type-page","status-publish","hentry"],"_links":{"self":[{"href":"https:\/\/kkraj.pttk.pl\/index.php\/wp-json\/wp\/v2\/pages\/2021","targetHints":{"allow":["GET"]}}],"collection":[{"href":"https:\/\/kkraj.pttk.pl\/index.php\/wp-json\/wp\/v2\/pages"}],"about":[{"href":"https:\/\/kkraj.pttk.pl\/index.php\/wp-json\/wp\/v2\/types\/page"}],"author":[{"embeddable":true,"href":"https:\/\/kkraj.pttk.pl\/index.php\/wp-json\/wp\/v2\/users\/1"}],"replies":[{"embeddable":true,"href":"https:\/\/kkraj.pttk.pl\/index.php\/wp-json\/wp\/v2\/comments?post=2021"}],"version-history":[{"count":3,"href":"https:\/\/kkraj.pttk.pl\/index.php\/wp-json\/wp\/v2\/pages\/2021\/revisions"}],"predecessor-version":[{"id":2072,"href":"https:\/\/kkraj.pttk.pl\/index.php\/wp-json\/wp\/v2\/pages\/2021\/revisions\/2072"}],"wp:attachment":[{"href":"https:\/\/kkraj.pttk.pl\/index.php\/wp-json\/wp\/v2\/media?parent=2021"}],"curies":[{"name":"wp","href":"https:\/\/api.w.org\/{rel}","templated":true}]}}