{"id":1773,"date":"2025-05-15T12:25:04","date_gmt":"2025-05-15T10:25:04","guid":{"rendered":"https:\/\/kkraj.pttk.pl\/?page_id=1773"},"modified":"2025-05-15T12:25:04","modified_gmt":"2025-05-15T10:25:04","slug":"regulamin-instruktora-krajoznawstwa-pttk","status":"publish","type":"page","link":"https:\/\/kkraj.pttk.pl\/index.php\/regulamin-instruktora-krajoznawstwa-pttk\/","title":{"rendered":"Regulamin Instruktora Krajoznawstwa PTTK"},"content":{"rendered":"<p style=\"text-align: center;\"><strong>REGULAMIN INSTRUKTORA KRAJOZNAWSTWA PTTK<\/strong><\/p>\n<p style=\"text-align: left;\">1. Instruktor Krajoznawstwa PTTK jest cz\u0142onkiem spo\u0142ecznej kadry programowej Polskiego Towarzystwa Turystyczno-Krajoznawczego i inicjatorem dzia\u0142a\u0144 krajoznawczych w Towarzystwie.<br \/>\n2. Instruktor Krajoznawstwa PTTK realizuje cele swojej dzia\u0142alno\u015bci w szczeg\u00f3lno\u015bci przez aktywno\u015b\u0107 w dziedzinie badawczej, wydawniczej, odczytowej, wystawienniczej oraz szkoleniowej, a tak\u017ce organizacyjnej w zakresie przygotowania imprez krajoznawczych, sympozj\u00f3w, zlot\u00f3w itp.<br \/>\n3. Instruktorem Krajoznawstwa PTTK mo\u017ce zosta\u0107 cz\u0142onek PTTK, kt\u00f3ry czynnie uprawia krajoznawstwo, podejmuje samokszta\u0142cenie umo\u017cliwiaj\u0105ce rozwijanie w\u0142asnej wiedzy i umiej\u0119tno\u015bci i pozwalaj\u0105ce na popularyzowanie wiedzy krajoznawczej.<br \/>\n4. Uprawnienia Instruktora Krajoznawstwa PTTK s\u0105 dwustopniowe:<br \/>\n\u00b7 Instruktor Krajoznawstwa Regionu,<br \/>\n\u00b7 Instruktor Krajoznawstwa Polski.<br \/>\nPonadto przyznawany jest honorowy tytu\u0142 Zas\u0142u\u017cony Instruktor Krajoznawstwa PTTK.<br \/>\n5. Kandydat mo\u017ce otrzyma\u0107 uprawnienia:<br \/>\n\u00b7 Instruktora Krajoznawstwa Regionu, je\u015bli:<br \/>\na) uko\u0144czy\u0142 18 lat,<br \/>\nb) wykaza\u0142 si\u0119 dzia\u0142alno\u015bci\u0105 krajoznawcz\u0105 przez co najmniej 2 lata,<br \/>\nc) wykaza\u0142 si\u0119 dobr\u0105 znajomo\u015bci\u0105 walor\u00f3w krajoznawczych w\u0142asnego regionu, umiej\u0119tno\u015bci\u0105 pos\u0142ugiwania si\u0119 \u017ar\u00f3d\u0142ami wiedzy krajoznawczej oraz dzia\u0142alno\u015bci\u0105 publicystyczn\u0105, odczytow\u0105 lub wystawiennicz\u0105 na tematy krajoznawcze,<br \/>\nd) zdoby\u0142 Regionaln\u0105 Odznak\u0119 Krajoznawcz\u0105 (ROK) w stopniu srebrnym.<br \/>\n\u00b7 Instruktora Krajoznawstwa Polski, je\u015bli:<br \/>\na) posiada uprawnienia Instruktora Krajoznawstwa Regionu przez co najmniej 5 lat,<br \/>\nb) wykaza\u0142 si\u0119 dobr\u0105 znajomo\u015bci\u0105 walor\u00f3w krajoznawczych ca\u0142ej Polski,<br \/>\nc) wykaza\u0142 si\u0119 znacz\u0105c\u0105 dzia\u0142alno\u015bci\u0105 publicystyczn\u0105, odczytow\u0105 lub wystawiennicz\u0105 na tematy krajoznawcze oraz szczeg\u00f3ln\u0105 aktywno\u015bci\u0105 przy organizacji regionalnych lub og\u00f3lnopolskich imprez krajoznawczych,<br \/>\nd) zdoby\u0142 Odznak\u0119 Krajoznawcz\u0105 Polski (OKP) co najmniej w stopniu br\u0105zowym.<br \/>\n6. Kandydat do honorowego tytu\u0142u Zas\u0142u\u017cony Instruktor Krajoznawstwa PTTK powinien:<br \/>\na) posiada\u0107 uprawnienia Instruktora Krajoznawstwa Polski PTTK przez okres przynajmniej 8 lat,<br \/>\nb) odznacza\u0107 si\u0119 aktywno\u015bci\u0105, wybitnymi osi\u0105gni\u0119ciami oraz znacznymi zas\u0142ugami dla rozwoju i organizacji krajoznawstwa w swoim regionie lub Polsce.<br \/>\n7. Instruktor\u00f3w Krajoznawstwa PTTK mianuje Komisja Krajoznawcza ZG PTTK na wniosek Krajowego Kolegium Instruktor\u00f3w Krajoznawstwa lub z w\u0142asnej inicjatywy. Prawo do mianowania Instruktor\u00f3w Krajoznawstwa Regionu Komisja Krajoznawcza ZG PTTK mo\u017ce przekaza\u0107 Regionalnemu Kolegium Instruktor\u00f3w Krajoznawstwa PTTK.<br \/>\n8. Wnioski o nadanie uprawnie\u0144 Instruktora Krajoznawstwa PTTK wszystkich stopni mog\u0105 zg\u0142asza\u0107 do odpowiednich kolegi\u00f3w komisje krajoznawcze i zarz\u0105dy Oddzia\u0142\u00f3w PTTK zgodnie z wzorem zatwierdzonym przez Komisj\u0119 Krajoznawcz\u0105 ZG PTTK.<br \/>\n9. Instruktor Krajoznawstwa PTTK ma prawo do:<br \/>\na) noszenia odznaki ustalonej dla w\u0142a\u015bciwego stopnia,<br \/>\nb) prowadzenia zaj\u0119\u0107 w zakresie krajoznawstwa na szkoleniach i imprezach,<br \/>\nc) udzia\u0142u w zlotach i innych spotkaniach instruktor\u00f3w krajoznawstwa,<br \/>\nd) weryfikowania odznak w Zespo\u0142ach Weryfikacyjnych ROK oraz opiniowania kronik na OKP i ROK zgodnie z regulaminem odznak krajoznawczych.<br \/>\n10. Instruktor Krajoznawstwa PTTK powinien:<br \/>\na) systematycznie poszerza\u0107 sw\u0105 wiedz\u0119 i umiej\u0119tno\u015bci krajoznawcze oraz pomna\u017ca\u0107 dorobek publikacyjny i popularyzatorski,<br \/>\nb) aktywnie uczestniczy\u0107 w pracach odpowiednich komisji krajoznawczych, klub\u00f3w Instruktor\u00f3w Krajoznawstwa PTTK lub Regionalnego Kolegium Instruktor\u00f3w Krajoznawstwa PTTK, wsp\u00f3\u0142pracowa\u0107 z Regionalnymi Pracowniami Krajoznawczymi PTTK,<br \/>\nc) upowszechnia\u0107 i realizowa\u0107 postanowienia Kongres\u00f3w Krajoznawstwa Polskiego,<br \/>\nd) bra\u0107 udzia\u0142 w imprezach krajoznawczych swojego regionu oraz og\u00f3lnopolskich,<br \/>\ne) promowa\u0107 zdobywanie odznak krajoznawczych.<br \/>\n11. Ewidencj\u0119 Instruktor\u00f3w Krajoznawstwa PTTK prowadzi Komisja Krajoznawcza ZG PTTK.<br \/>\n12. Przed\u0142u\u017cania uprawnie\u0144 Instruktora Krajoznawstwa PTTK dokonuje macierzysty Oddzia\u0142 PTTK lub Regionalne Kolegium Instruktor\u00f3w Krajoznawstwa PTTK.<br \/>\n13. Uprawnienia Instruktora Krajoznawstwa Regionu przed\u0142u\u017ca si\u0119 co 2 lata, Instruktora Krajoznawstwa Polski \u2013 co 5 lat, honorowy tytu\u0142 Zas\u0142u\u017cony Instruktor Krajoznawstwa PTTK nadawany jest bezterminowo.<br \/>\n14. Skre\u015blenie Instruktora Krajoznawstwa PTTK z ewidencji nast\u0119puje w przypadku:<br \/>\n\u00b7 utraty praw publicznych i obywatelskich praw honorowych,<br \/>\n\u00b7 wykluczenia z PTTK,<br \/>\n\u00b7 niewype\u0142niania obowi\u0105zk\u00f3w wynikaj\u0105cych z regulaminu Instruktora<br \/>\nKrajoznawstwa PTTK,<br \/>\n\u00b7 w\u0142asnej rezygnacji z posiadania uprawnie\u0144,<br \/>\n\u00b7 wyst\u0105pienia z PTTK.<br \/>\n15. Skre\u015blenia z ewidencji Instruktor\u00f3w Krajoznawstwa PTTK dokonuje Komisja Krajoznawcza ZG PTTK na wniosek Zarz\u0105du Oddzia\u0142u, Regionalnego Kolegium Instruktor\u00f3w Krajoznawstwa PTTK lub z w\u0142asnej inicjatywy.<br \/>\n16. Interpretacja Regulaminu nale\u017cy do Komisji Krajoznawczej Zarz\u0105du G\u0142\u00f3wnego PTTK.<br \/>\n17. Wzory legitymacji Instruktora Krajoznawstwa i Zas\u0142u\u017conego Instruktora Krajoznawstwa stanowi\u0105 za\u0142\u0105cznik do niniejszego regulaminu.<br \/>\n18. Regulamin wchodzi w \u017cycie z dniem uchwalenia, jednocze\u015bnie trac\u0105 moc przepisy Regulaminu Instruktora Krajoznawstwa PTTK zatwierdzonego uchwa\u0142\u0105 ZG PTTK nr 238\/XVI\/2008 z 16 lutego 2008 r.<br \/>\nRegulamin przyj\u0119ty na posiedzeniu Komisji Krajoznawczej ZG PTTK w dniu 8 grudnia 2012 roku w Warszawie i z zatwierdzony przez Prezydium ZG PTTK w dniu 15 maja 2013 r. uchwa\u0142\u0105 nr 26\/XVII\/2013.<\/p>\n","protected":false},"excerpt":{"rendered":"<p>REGULAMIN INSTRUKTORA KRAJOZNAWSTWA PTTK 1. Instruktor Krajoznawstwa PTTK jest cz\u0142onkiem spo\u0142ecznej kadry programowej Polskiego Towarzystwa Turystyczno-Krajoznawczego i inicjatorem dzia\u0142a\u0144 krajoznawczych w Towarzystwie. 2. Instruktor Krajoznawstwa PTTK realizuje cele swojej dzia\u0142alno\u015bci w szczeg\u00f3lno\u015bci przez aktywno\u015b\u0107 w dziedzinie badawczej, wydawniczej, odczytowej, wystawienniczej oraz szkoleniowej, a tak\u017ce organizacyjnej w zakresie przygotowania imprez krajoznawczych, sympozj\u00f3w, zlot\u00f3w itp. 3. Instruktorem [&hellip;]<\/p>\n","protected":false},"author":1,"featured_media":0,"parent":0,"menu_order":0,"comment_status":"closed","ping_status":"closed","template":"","meta":{"footnotes":""},"class_list":["post-1773","page","type-page","status-publish","hentry"],"_links":{"self":[{"href":"https:\/\/kkraj.pttk.pl\/index.php\/wp-json\/wp\/v2\/pages\/1773","targetHints":{"allow":["GET"]}}],"collection":[{"href":"https:\/\/kkraj.pttk.pl\/index.php\/wp-json\/wp\/v2\/pages"}],"about":[{"href":"https:\/\/kkraj.pttk.pl\/index.php\/wp-json\/wp\/v2\/types\/page"}],"author":[{"embeddable":true,"href":"https:\/\/kkraj.pttk.pl\/index.php\/wp-json\/wp\/v2\/users\/1"}],"replies":[{"embeddable":true,"href":"https:\/\/kkraj.pttk.pl\/index.php\/wp-json\/wp\/v2\/comments?post=1773"}],"version-history":[{"count":1,"href":"https:\/\/kkraj.pttk.pl\/index.php\/wp-json\/wp\/v2\/pages\/1773\/revisions"}],"predecessor-version":[{"id":1775,"href":"https:\/\/kkraj.pttk.pl\/index.php\/wp-json\/wp\/v2\/pages\/1773\/revisions\/1775"}],"wp:attachment":[{"href":"https:\/\/kkraj.pttk.pl\/index.php\/wp-json\/wp\/v2\/media?parent=1773"}],"curies":[{"name":"wp","href":"https:\/\/api.w.org\/{rel}","templated":true}]}}