{"id":1161,"date":"2025-02-23T05:26:29","date_gmt":"2025-02-23T04:26:29","guid":{"rendered":"https:\/\/kkraj.pttk.pl\/?page_id=1161"},"modified":"2025-11-20T13:52:37","modified_gmt":"2025-11-20T12:52:37","slug":"jurorzy-2","status":"publish","type":"page","link":"https:\/\/kkraj.pttk.pl\/index.php\/jurorzy-2\/","title":{"rendered":"Jurorzy"},"content":{"rendered":"\n<figure class=\"wp-block-table is-style-regular\"><table><tbody><tr><td>LP.<\/td><td><strong>Nazwisko<\/strong><\/td><td><strong>Imi\u0119<\/strong><\/td><td><strong>Miejscowo\u015b\u0107<\/strong><\/td><td class=\"has-text-align-center\" data-align=\"center\"><strong>Zmarli<\/strong><\/td><\/tr><tr><td>1<\/td><td>Paciej<\/td><td>Henryk<\/td><td>Opole<\/td><td class=\"has-text-align-center\" data-align=\"center\"><strong>\u2020 2021<\/strong><\/td><\/tr><tr><td>2<\/td><td>Kowalski<\/td><td>Wojciech<\/td><td>Lublin<\/td><td class=\"has-text-align-center\" data-align=\"center\"><\/td><\/tr><tr><td>3<\/td><td>Tokarski<\/td><td>Mieczys\u0142aw<\/td><td>W\u0142odawa<\/td><td class=\"has-text-align-center\" data-align=\"center\"><strong>\u2020 2024<\/strong><\/td><\/tr><tr><td>4<\/td><td>Lewandowski<\/td><td>Zbigniew<\/td><td>Warszawa<\/td><td class=\"has-text-align-center\" data-align=\"center\"><\/td><\/tr><tr><td>5<\/td><td>Kliza<\/td><td>Witold<\/td><td>Che\u0142m<\/td><td class=\"has-text-align-center\" data-align=\"center\"><\/td><\/tr><tr><td>6<\/td><td>Stopikowski<\/td><td>Henryk<\/td><td>Grudzi\u0105dz<\/td><td class=\"has-text-align-center\" data-align=\"center\"><strong>\u2020 2021<\/strong><\/td><\/tr><tr><td>7<\/td><td>Wrzosek<\/td><td>Ryszard<\/td><td>Gdynia<\/td><td class=\"has-text-align-center\" data-align=\"center\"><\/td><\/tr><tr><td>8<\/td><td>Jab\u0142o\u0144ski<\/td><td>Edward<\/td><td>\u0141\u00f3d\u017a<\/td><td class=\"has-text-align-center\" data-align=\"center\"><strong>\u2020 2011<\/strong><\/td><\/tr><tr><td>9<\/td><td>\u017burkiewicz<\/td><td>Danuta Maria<\/td><td>Pozna\u0144<\/td><td class=\"has-text-align-center\" data-align=\"center\"><\/td><\/tr><tr><td>10<\/td><td>\u017burkiewicz<\/td><td>Leszek<\/td><td>Pozna\u0144<\/td><td class=\"has-text-align-center\" data-align=\"center\"><\/td><\/tr><tr><td>11<\/td><td>Korna\u015b<\/td><td>Stanis\u0142aw<\/td><td>Tarn\u00f3w<\/td><td class=\"has-text-align-center\" data-align=\"center\"><\/td><\/tr><tr><td>12<\/td><td>Mazurski<\/td><td>Krzysztof<\/td><td>Wroc\u0142aw<\/td><td class=\"has-text-align-center\" data-align=\"center\"><strong>\u2020 2016<\/strong><\/td><\/tr><tr><td>13<\/td><td>Motyka<\/td><td>Janusz<\/td><td>Przemy\u015bl<\/td><td class=\"has-text-align-center\" data-align=\"center\"><\/td><\/tr><tr><td>14<\/td><td>Partyka<\/td><td>J\u00f3zef<\/td><td>Ojc\u00f3w<\/td><td class=\"has-text-align-center\" data-align=\"center\"><\/td><\/tr><tr><td>15<\/td><td>Szepiel<\/td><td>Adam<\/td><td>Bia\u0142ystok<\/td><td class=\"has-text-align-center\" data-align=\"center\"><\/td><\/tr><tr><td>16<\/td><td>G\u0119bski<\/td><td>Stanis\u0142aw<\/td><td>Gda\u0144sk<\/td><td class=\"has-text-align-center\" data-align=\"center\"><\/td><\/tr><tr><td>17<\/td><td>Hadasz<\/td><td>Henryk<\/td><td>K\u0119dzierzyn-Ko\u017ale<\/td><td class=\"has-text-align-center\" data-align=\"center\"><strong>\u2020 2021<\/strong><\/td><\/tr><tr><td>18<\/td><td>Hadasz-Noco\u0144<\/td><td>Teresa<\/td><td>K\u0119dzierzyn-Ko\u017ale<\/td><td class=\"has-text-align-center\" data-align=\"center\"><\/td><\/tr><tr><td>19<\/td><td>Rakowski<\/td><td>Edmund<\/td><td>\u015awierad\u00f3w Zdr\u00f3j<\/td><td class=\"has-text-align-center\" data-align=\"center\"><strong>\u2020 2016<\/strong><\/td><\/tr><tr><td>20<\/td><td>Sobieszek<\/td><td>Tadeusz<\/td><td>Lublin<\/td><td class=\"has-text-align-center\" data-align=\"center\"><\/td><\/tr><tr><td>21<\/td><td>Bia\u0142kowski<\/td><td>Leszek<\/td><td>Warszawa<\/td><td class=\"has-text-align-center\" data-align=\"center\"><\/td><\/tr><tr><td>22<\/td><td>Borowski<\/td><td>Miros\u0142aw<\/td><td>Szczecin<\/td><td class=\"has-text-align-center\" data-align=\"center\"><\/td><\/tr><tr><td>23<\/td><td>Majdewicz<\/td><td>W\u0142odzimierz<\/td><td>Warszawa<\/td><td class=\"has-text-align-center\" data-align=\"center\"><\/td><\/tr><tr><td>24<\/td><td>Konieczka<\/td><td>Tadeusz<\/td><td>Inowroc\u0142aw<\/td><td class=\"has-text-align-center\" data-align=\"center\"><strong>\u2020<\/strong> <strong>2024<\/strong><\/td><\/tr><tr><td>25<\/td><td>T\u0119cza<\/td><td>Krzysztof<\/td><td>Jelenia G\u00f3ra<\/td><td class=\"has-text-align-center\" data-align=\"center\"><\/td><\/tr><tr><td>26<\/td><td>Zwierzyna<\/td><td>Ryszard<\/td><td>Lubawka<\/td><td class=\"has-text-align-center\" data-align=\"center\"><\/td><\/tr><tr><td>27<\/td><td>B\u0142aszczak<\/td><td>Jan<\/td><td>Lubo\u0144<\/td><td class=\"has-text-align-center\" data-align=\"center\"><\/td><\/tr><tr><td>28<\/td><td>Kowalski<\/td><td>Andrzej<\/td><td>Warszawa<\/td><td class=\"has-text-align-center\" data-align=\"center\"><\/td><\/tr><tr><td>29<\/td><td>Ma\u015bli\u0144ski<\/td><td>Maciej<\/td><td>Ostr\u00f3w Wielkopolski<\/td><td class=\"has-text-align-center\" data-align=\"center\"><\/td><\/tr><tr><td>30<\/td><td>Ptasi\u0144ski<\/td><td>Janusz<\/td><td>Warszawa<\/td><td class=\"has-text-align-center\" data-align=\"center\"><strong>\u2020 2025<\/strong><\/td><\/tr><tr><td>31<\/td><td>Ramus<\/td><td>Jacek<\/td><td>Dobrze\u0144 Wielki<\/td><td class=\"has-text-align-center\" data-align=\"center\"><\/td><\/tr><tr><td>32<\/td><td>Zaremba<\/td><td>Janusz<\/td><td>Kwidzy\u0144<\/td><td class=\"has-text-align-center\" data-align=\"center\"><\/td><\/tr><tr><td>33<\/td><td>B\u0142aszczak <\/td><td>Maria<\/td><td>Lubo\u0144<\/td><td class=\"has-text-align-center\" data-align=\"center\"><\/td><\/tr><tr><td>34<\/td><td>Anders<\/td><td>Pawe\u0142<\/td><td>Pozna\u0144<\/td><td class=\"has-text-align-center\" data-align=\"center\"><\/td><\/tr><tr><td>35<\/td><td>Kowalski<\/td><td>Eugeniusz<\/td><td>Lubo\u0144<\/td><td class=\"has-text-align-center\" data-align=\"center\"><strong>\u2020 2021<\/strong><\/td><\/tr><tr><td>36<\/td><td>Zag\u0142oba-Zygler<\/td><td>El\u017cbieta<\/td><td>Prudnik<\/td><td class=\"has-text-align-center\" data-align=\"center\"><\/td><\/tr><tr><td>37<\/td><td>Zag\u0142oba-Zygler<\/td><td>Zbigniew<\/td><td>Prudnik<\/td><td class=\"has-text-align-center\" data-align=\"center\"><\/td><\/tr><tr><td>38<\/td><td>Ziobrowski<\/td><td>Andrzej<\/td><td>W\u0142oc\u0142awek<\/td><td class=\"has-text-align-center\" data-align=\"center\"><\/td><\/tr><tr><td>39<\/td><td>Ka\u0142u\u017ca<\/td><td>El\u017cbieta<\/td><td>Rzesz\u00f3w<\/td><td class=\"has-text-align-center\" data-align=\"center\"><\/td><\/tr><tr><td>40<\/td><td>Ka\u0142u\u017ca<\/td><td>Zygmunt<\/td><td>Rzesz\u00f3w<\/td><td class=\"has-text-align-center\" data-align=\"center\"><\/td><\/tr><tr><td>41<\/td><td>Wrzosek<\/td><td>Alicja<\/td><td>Gdynia<\/td><td class=\"has-text-align-center\" data-align=\"center\"><\/td><\/tr><tr><td>42<\/td><td>Kseniak<\/td><td>Mieczys\u0142aw<\/td><td>Lublin<\/td><td class=\"has-text-align-center\" data-align=\"center\"><\/td><\/tr><tr><td>43<\/td><td>Sidorowska<\/td><td>El\u017cbieta<\/td><td>Cyc\u00f3w<\/td><td class=\"has-text-align-center\" data-align=\"center\"><\/td><\/tr><tr><td>44<\/td><td>Korzeniewski<\/td><td>R.Bogumi\u0142<\/td><td>Ciechocinek<\/td><td class=\"has-text-align-center\" data-align=\"center\"><\/td><\/tr><tr><td>45<\/td><td>Pasek<\/td><td>Wojciech<\/td><td>Ko\u0144skie<\/td><td class=\"has-text-align-center\" data-align=\"center\"><\/td><\/tr><tr><td>46<\/td><td>Kozikowski<\/td><td>Marek<\/td><td>Warszawa<\/td><td class=\"has-text-align-center\" data-align=\"center\"><\/td><\/tr><tr><td>47<\/td><td>Treichel<\/td><td>Jacek<\/td><td>Warszawa<\/td><td class=\"has-text-align-center\" data-align=\"center\"><\/td><\/tr><tr><td>48<\/td><td>Kowalski<\/td><td>Piotr<\/td><td>Poniatowa<\/td><td class=\"has-text-align-center\" data-align=\"center\"><\/td><\/tr><tr><td>49<\/td><td>Bijak<\/td><td>Szymon<\/td><td>Jab\u0142onna<\/td><td class=\"has-text-align-center\" data-align=\"center\"><\/td><\/tr><tr><td>50<\/td><td>D\u0119bski<\/td><td>Dariusz<\/td><td>Gdynia<\/td><td class=\"has-text-align-center\" data-align=\"center\"><\/td><\/tr><\/tbody><\/table><\/figure>\n","protected":false},"excerpt":{"rendered":"<p>LP. Nazwisko Imi\u0119 Miejscowo\u015b\u0107 Zmarli 1 Paciej Henryk Opole \u2020 2021 2 Kowalski Wojciech Lublin 3 Tokarski Mieczys\u0142aw W\u0142odawa \u2020 2024 4 Lewandowski Zbigniew Warszawa 5 Kliza Witold Che\u0142m 6 Stopikowski Henryk Grudzi\u0105dz \u2020 2021 7 Wrzosek Ryszard Gdynia 8 Jab\u0142o\u0144ski Edward \u0141\u00f3d\u017a \u2020 2011 9 \u017burkiewicz Danuta Maria Pozna\u0144 10 \u017burkiewicz Leszek Pozna\u0144 11 [&hellip;]<\/p>\n","protected":false},"author":1,"featured_media":0,"parent":0,"menu_order":0,"comment_status":"closed","ping_status":"closed","template":"","meta":{"footnotes":""},"class_list":["post-1161","page","type-page","status-publish","hentry"],"_links":{"self":[{"href":"https:\/\/kkraj.pttk.pl\/index.php\/wp-json\/wp\/v2\/pages\/1161","targetHints":{"allow":["GET"]}}],"collection":[{"href":"https:\/\/kkraj.pttk.pl\/index.php\/wp-json\/wp\/v2\/pages"}],"about":[{"href":"https:\/\/kkraj.pttk.pl\/index.php\/wp-json\/wp\/v2\/types\/page"}],"author":[{"embeddable":true,"href":"https:\/\/kkraj.pttk.pl\/index.php\/wp-json\/wp\/v2\/users\/1"}],"replies":[{"embeddable":true,"href":"https:\/\/kkraj.pttk.pl\/index.php\/wp-json\/wp\/v2\/comments?post=1161"}],"version-history":[{"count":14,"href":"https:\/\/kkraj.pttk.pl\/index.php\/wp-json\/wp\/v2\/pages\/1161\/revisions"}],"predecessor-version":[{"id":2030,"href":"https:\/\/kkraj.pttk.pl\/index.php\/wp-json\/wp\/v2\/pages\/1161\/revisions\/2030"}],"wp:attachment":[{"href":"https:\/\/kkraj.pttk.pl\/index.php\/wp-json\/wp\/v2\/media?parent=1161"}],"curies":[{"name":"wp","href":"https:\/\/api.w.org\/{rel}","templated":true}]}}